{"id":9641,"date":"2020-02-24T16:38:02","date_gmt":"2020-02-24T16:38:02","guid":{"rendered":"http:\/\/webseitecheck.de\/es\/?page_id=9641"},"modified":"2020-04-15T16:37:54","modified_gmt":"2020-04-15T14:37:54","slug":"su-equipo","status":"publish","type":"page","link":"https:\/\/www.endoskopie.co.at\/es\/su-equipo\/","title":{"rendered":"Su Equipo"},"content":{"rendered":"<div class=\"wpb-content-wrapper\"><p>[vc_row][vc_column width=\u00bb1\/3&#8243;]<div class=\"mkdf-elements-holder mkdf-one-column mkdf-responsive-mode-768\" ><div class=\"mkdf-eh-item \"  data-item-class=\"mkdf-eh-custom-626069\">\n\t<div class=\"mkdf-eh-item-inner\">\n\t\t<div class=\"mkdf-eh-item-content mkdf-eh-custom-626069\" >\n\t\t\t[vc_empty_space height=\u00bb20px\u00bb][vc_column_text]<\/p>\n<h3 style=\"margin-bottom: 0;\">Dr. Gottfried Steiner<\/h3>\n<div style=\"color: #66cc00;\">Facharzt f\u00fcr Chirurgie<\/div>\n<p>[\/vc_column_text][vc_empty_space height=\u00bb20px\u00bb][vc_separator color=\u00bbcustom\u00bb align=\u00bbalign_left\u00bb accent_color=\u00bb#afafaf\u00bb][vc_empty_space height=\u00bb20px\u00bb]<div class=\"mkdf-info-icon clearfix mkdf-icon-info-icon-medium\">\n\t<div class=\"mkdf-icon-info-icon\">\n\t\t\t\t\t<a itemprop=\"url\" href=\"tel:+43225243233\" target=\"_self\">\n\t\t\t\t\t\t\t\t\t    <span class=\"mkdf-icon-shortcode mkdf-normal\"  data-color=\"#66cc00\">\n                    <i class=\"mkdf-icon-ion-icon ion-android-call mkdf-icon-element\" style=\"color: #66cc00;font-size:24px\" ><\/i>            <\/span>\n\t\t\t\t\t\t\t\t<\/a>\n\t\t\t<\/div>\n\t<div class=\"mkdf-info-icon-content\">\n\t\t\t\t\t\t\t\t\t\t\t<a itemprop=\"url\" href=\"tel:+43225243233\" target=\"_self\">\n\t\t\t\t\t\t\t\t<span class=\"mkdf-info-icon-title-text\" style=\"color: #999999\">+ 43 (0) 2252 43233<\/span>\n\t\t\t\t\t\t\t\t\t<\/a>\n\t\t\t\t\t\t\t\t<\/div>\n<\/div>[vc_empty_space height=\u00bb10px\u00bb]<div class=\"mkdf-info-icon clearfix mkdf-icon-info-icon-medium\">\n\t<div class=\"mkdf-icon-info-icon\">\n\t\t\t\t\t<a itemprop=\"url\" href=\"mailto:info@endoskopie.co.at\" target=\"_self\">\n\t\t\t\t\t\t\t\t\t    <span class=\"mkdf-icon-shortcode mkdf-normal\"  data-color=\"#66cc00\">\n                    <i class=\"mkdf-icon-font-awesome fa fa-envelope mkdf-icon-element\" style=\"color: #66cc00;font-size:19px\" ><\/i>            <\/span>\n\t\t\t\t\t\t\t\t<\/a>\n\t\t\t<\/div>\n\t<div class=\"mkdf-info-icon-content\">\n\t\t\t\t\t\t\t\t\t\t\t<a itemprop=\"url\" href=\"mailto:info@endoskopie.co.at\" target=\"_self\">\n\t\t\t\t\t\t\t\t<span class=\"mkdf-info-icon-title-text\" style=\"color: #999999\">praxis@endoskopie.co.at<\/span>\n\t\t\t\t\t\t\t\t\t<\/a>\n\t\t\t\t\t\t\t\t<\/div>\n<\/div>[vc_empty_space height=\u00bb10px\u00bb]\t\t<\/div>\n\t<\/div>\n<\/div><\/div>[\/vc_column][vc_column width=\u00bb2\/3&#8243;][vc_custom_heading text=\u00bbIch wurde 1960 in Wien geboren und nachdem ich einige Jahre im Wirtschaftsbereich (medizinischeDr Technologie) gearbeitet hatte, begann ich an der Universit\u00e4t Wien Medizin zu studieren. Schon w\u00e4hrend meines Studiums f\u00fchrte mich mein pers\u00f6nliches Interesse zur Chirurgie. Ich arbeitete in chirurgischen Abteilungen und mit Chirurgen in Ordinationen.<\/p>\n<p>Nach dem Doktorat arbeitete ich in Wien im Lorenz B\u00f6hler Unfallkrankenhaus und im Neurologischen Zentrum Rosenh\u00fcgel, in \u00d6sterreich in der Universit\u00e4tsklinik f\u00fcr Chirurgie in Graz, in den Krankenh\u00e4user Hainburg, V\u00f6cklabruck und M\u00fcrzzuschlag, in der chirurgischen Orthop\u00e4die in Z\u00fcrich, in der Schulthess Klinik und ich absolvierte eine Fortbildung in Koloproktologie im St. Mark\u2019s Krankenhaus in London.<\/p>\n<p>Im Juli gr\u00fcndete ich eine Ordination in Baden, nahe Wien und f\u00fchrte in \u00f6ffentlichen und privaten Krankenh\u00e4usern in Wien chirurgische Operationen durch, wo ich auch eine Ordination aufbaute.<\/p>\n<p>Seitdem habe ich mich auf die endoskopische Diagnostik \u2013 des Magens und Dickdarms \u2013 spezialisiert, wobei mir die stress- und schmerzfreie Untersuchung ein gro\u00dfes Anliegen ist.<\/p>\n<p>Seit der Gr\u00fcndung meiner Ordination habe ich mehr als 80.000 Magen-Darmspiegelungen (Endoskopien) durchgef\u00fchrt, j\u00e4hrlich durchschnittlich 5000 Endoskopien. Dabei bleibt es mir nicht erspart auch unangenehme Diagnosen stellen zu m\u00fcssen und diese den Betroffenen mitzuteilen. Ein besonderes Anliegen unseres Teams ist es die weitergehenden Behandlungen zu unterst\u00fctzen und zu begleiten und dem Patienten in dieser Zeit vollkommen zur Verf\u00fcgung zu stehen. Aufgrund meines Engagements in der diagnostischen Endoskopie, besitze ich eine Liste exzellenter Spezialisten, die meinen Patienten zu Verf\u00fcgung steht.\u00bb font_container=\u00bbtag:h4|text_align:left|line_height:1.3&#8243; google_fonts=\u00bbfont_family:Abel%3Aregular|font_style:400%20regular%3A400%3Anormal\u00bb][\/vc_column][\/vc_row][vc_row][vc_column]<div class=\"mkdf-separator-holder clearfix  mkdf-separator-center mkdf-separator-full-width\">\n\t<div class=\"mkdf-separator\" style=\"border-color: #d1d1d1\"><\/div>\n<\/div>\n[\/vc_column][\/vc_row][vc_row][vc_column][vc_row_inner][vc_column_inner css=\u00bb.vc_custom_1583497064378{margin-top: 20px !important;margin-bottom: 20px !important;}\u00bb]<div class=\"mkdf-iwt clearfix mkdf-iwt-icon-left mkdf-iwt-icon-medium\">\n\t<div class=\"mkdf-iwt-icon\" >\n\t\t\t\t\t\t\t\t\t    <span class=\"mkdf-icon-shortcode mkdf-normal mkdf-icon-medium\"  >\n                    <i class=\"mkdf-icon-font-awesome fa  mkdf-icon-element\" style=\"\" ><\/i>            <\/span>\n\t\t\t\t\t\t<\/div>\n\t<div class=\"mkdf-iwt-content\" >\n\t\t\t\t\t\t\t<h3 class=\"mkdf-iwt-title\" style=\"font-weight: 200\">\n\t\t\t\t\t\t\t\t<span class=\"mkdf-iwt-title-text\">Margit Ahono<\/span>\n\t\t\t\t\t\t\t<\/h3>\n\t\t\t\t\t\t\t<p class=\"mkdf-iwt-text\" style=\"color: #66cc00\">DGKS (Diplom-Krankenschwester), Fachkraft f\u00fcr Endoskopie, Hygienefachkraft<\/p>\n\t\t\t<\/div>\n<\/div>[vc_separator color=\u00bbcustom\u00bb align=\u00bbalign_left\u00bb el_width=\u00bb70&#8243; accent_color=\u00bb#d1d1d1&#8243; css=\u00bb.vc_custom_1583497606319{margin-top: 25px !important;}\u00bb][\/vc_column_inner][\/vc_row_inner][vc_row_inner][vc_column_inner css=\u00bb.vc_custom_1583497064378{margin-top: 20px !important;margin-bottom: 20px !important;}\u00bb]<div class=\"mkdf-iwt clearfix mkdf-iwt-icon-left mkdf-iwt-icon-medium\">\n\t<div class=\"mkdf-iwt-icon\" >\n\t\t\t\t\t\t\t\t\t    <span class=\"mkdf-icon-shortcode mkdf-normal mkdf-icon-medium\"  >\n                    <i class=\"mkdf-icon-font-awesome fa  mkdf-icon-element\" style=\"\" ><\/i>            <\/span>\n\t\t\t\t\t\t<\/div>\n\t<div class=\"mkdf-iwt-content\" >\n\t\t\t\t\t\t\t<h3 class=\"mkdf-iwt-title\" style=\"font-weight: 200\">\n\t\t\t\t\t\t\t\t<span class=\"mkdf-iwt-title-text\">Gabriele Alder<\/span>\n\t\t\t\t\t\t\t<\/h3>\n\t\t\t\t\t\t\t<p class=\"mkdf-iwt-text\" style=\"color: #66cc00\">Colon Hydro Therapie, Atemtest Lactose &amp; Fructose, Ern\u00e4hrungsberatung<\/p>\n\t\t\t<\/div>\n<\/div>[vc_separator color=\u00bbcustom\u00bb align=\u00bbalign_left\u00bb el_width=\u00bb70&#8243; accent_color=\u00bb#d1d1d1&#8243; css=\u00bb.vc_custom_1583497614083{margin-top: 25px !important;}\u00bb][\/vc_column_inner][\/vc_row_inner][vc_row_inner][vc_column_inner css=\u00bb.vc_custom_1583497064378{margin-top: 20px !important;margin-bottom: 20px !important;}\u00bb]<div class=\"mkdf-iwt clearfix mkdf-iwt-icon-left mkdf-iwt-icon-medium\">\n\t<div class=\"mkdf-iwt-icon\" >\n\t\t\t\t\t\t\t\t\t    <span class=\"mkdf-icon-shortcode mkdf-normal mkdf-icon-medium\"  >\n                    <i class=\"mkdf-icon-font-awesome fa  mkdf-icon-element\" style=\"\" ><\/i>            <\/span>\n\t\t\t\t\t\t<\/div>\n\t<div class=\"mkdf-iwt-content\" >\n\t\t\t\t\t\t\t<h3 class=\"mkdf-iwt-title\" style=\"font-weight: 200\">\n\t\t\t\t\t\t\t\t<span class=\"mkdf-iwt-title-text\">Ulla Veit<\/span>\n\t\t\t\t\t\t\t<\/h3>\n\t\t\t\t\t\t\t<p class=\"mkdf-iwt-text\" style=\"color: #66cc00\">Rezeption, Terminvereinbarung &amp; Administration, Colon Hydro Therapie, Assistentin der Endoskopie<\/p>\n\t\t\t<\/div>\n<\/div>[vc_separator color=\u00bbcustom\u00bb align=\u00bbalign_left\u00bb el_width=\u00bb70&#8243; accent_color=\u00bb#d1d1d1&#8243; css=\u00bb.vc_custom_1583497621891{margin-top: 25px !important;}\u00bb][\/vc_column_inner][\/vc_row_inner][vc_row_inner][vc_column_inner css=\u00bb.vc_custom_1583497064378{margin-top: 20px !important;margin-bottom: 20px !important;}\u00bb]<div class=\"mkdf-iwt clearfix mkdf-iwt-icon-left mkdf-iwt-icon-medium\">\n\t<div class=\"mkdf-iwt-icon\" >\n\t\t\t\t\t\t\t\t\t    <span class=\"mkdf-icon-shortcode mkdf-normal mkdf-icon-medium\"  >\n                    <i class=\"mkdf-icon-font-awesome fa  mkdf-icon-element\" style=\"\" ><\/i>            <\/span>\n\t\t\t\t\t\t<\/div>\n\t<div class=\"mkdf-iwt-content\" >\n\t\t\t\t\t\t\t<h3 class=\"mkdf-iwt-title\" style=\"font-weight: 200\">\n\t\t\t\t\t\t\t\t<span class=\"mkdf-iwt-title-text\">Kathrin Wunderlich<\/span>\n\t\t\t\t\t\t\t<\/h3>\n\t\t\t\t\t\t\t<p class=\"mkdf-iwt-text\" style=\"color: #66cc00\">Rezeption, Terminvereinbarung &amp; Administration, Assistentin der Endoskopie<\/p>\n\t\t\t<\/div>\n<\/div>[vc_separator color=\u00bbcustom\u00bb align=\u00bbalign_left\u00bb el_width=\u00bb70&#8243; accent_color=\u00bb#d1d1d1&#8243; css=\u00bb.vc_custom_1583525009831{margin-top: 25px !important;}\u00bb][\/vc_column_inner][\/vc_row_inner][vc_row_inner][vc_column_inner css=\u00bb.vc_custom_1583497064378{margin-top: 20px !important;margin-bottom: 20px !important;}\u00bb]<div class=\"mkdf-iwt clearfix mkdf-iwt-icon-left mkdf-iwt-icon-medium\">\n\t<div class=\"mkdf-iwt-icon\" >\n\t\t\t\t\t\t\t\t\t    <span class=\"mkdf-icon-shortcode mkdf-normal mkdf-icon-medium\"  >\n                    <i class=\"mkdf-icon-font-awesome fa  mkdf-icon-element\" style=\"\" ><\/i>            <\/span>\n\t\t\t\t\t\t<\/div>\n\t<div class=\"mkdf-iwt-content\" >\n\t\t\t\t\t\t\t<h3 class=\"mkdf-iwt-title\" style=\"font-weight: 200\">\n\t\t\t\t\t\t\t\t<span class=\"mkdf-iwt-title-text\">Ina Tahiri<\/span>\n\t\t\t\t\t\t\t<\/h3>\n\t\t\t\t\t\t\t<p class=\"mkdf-iwt-text\" style=\"color: #66cc00\">Rezeption, Terminvereinbarung &amp; Administration, Assistentin der Endoskopie, Mentaltrainerin<\/p>\n\t\t\t<\/div>\n<\/div>[vc_separator color=\u00bbcustom\u00bb align=\u00bbalign_left\u00bb el_width=\u00bb70&#8243; accent_color=\u00bb#d1d1d1&#8243; css=\u00bb.vc_custom_1583497628932{margin-top: 25px !important;}\u00bb][\/vc_column_inner][\/vc_row_inner][vc_row_inner][vc_column_inner css=\u00bb.vc_custom_1583497064378{margin-top: 20px !important;margin-bottom: 20px !important;}\u00bb]<div class=\"mkdf-iwt clearfix mkdf-iwt-icon-left mkdf-iwt-icon-medium\">\n\t<div class=\"mkdf-iwt-icon\" >\n\t\t\t\t\t\t\t\t\t    <span class=\"mkdf-icon-shortcode mkdf-normal mkdf-icon-medium\"  >\n                    <i class=\"mkdf-icon-font-awesome fa  mkdf-icon-element\" style=\"\" ><\/i>            <\/span>\n\t\t\t\t\t\t<\/div>\n\t<div class=\"mkdf-iwt-content\" >\n\t\t\t\t\t\t\t<h3 class=\"mkdf-iwt-title\" style=\"font-weight: 200\">\n\t\t\t\t\t\t\t\t<span class=\"mkdf-iwt-title-text\">Sigrid Vedernjak<\/span>\n\t\t\t\t\t\t\t<\/h3>\n\t\t\t\t\t\t\t<p class=\"mkdf-iwt-text\" style=\"color: #66cc00\">Rezeption, Terminvereinbarung &amp; Administration<\/p>\n\t\t\t<\/div>\n<\/div>[vc_separator color=\u00bbcustom\u00bb align=\u00bbalign_left\u00bb el_width=\u00bb70&#8243; accent_color=\u00bb#d1d1d1&#8243; css=\u00bb.vc_custom_1583497635123{margin-top: 25px !important;}\u00bb][\/vc_column_inner][\/vc_row_inner][vc_row_inner][vc_column_inner css=\u00bb.vc_custom_1583497064378{margin-top: 20px !important;margin-bottom: 20px !important;}\u00bb]<div class=\"mkdf-iwt clearfix mkdf-iwt-icon-left mkdf-iwt-icon-medium\">\n\t<div class=\"mkdf-iwt-icon\" >\n\t\t\t\t\t\t\t\t\t    <span class=\"mkdf-icon-shortcode mkdf-normal mkdf-icon-medium\"  >\n                    <i class=\"mkdf-icon-font-awesome fa  mkdf-icon-element\" style=\"\" ><\/i>            <\/span>\n\t\t\t\t\t\t<\/div>\n\t<div class=\"mkdf-iwt-content\" >\n\t\t\t\t\t\t\t<h3 class=\"mkdf-iwt-title\" style=\"font-weight: 200\">\n\t\t\t\t\t\t\t\t<span class=\"mkdf-iwt-title-text\">Georg Steiner, Ali Abdollahi, Camilo Melgar<\/span>\n\t\t\t\t\t\t\t<\/h3>\n\t\t\t\t\t\t\t<p class=\"mkdf-iwt-text\" style=\"color: #66cc00\">Assistenten der Endoskopie, Technik Endoskopie<\/p>\n\t\t\t<\/div>\n<\/div>[\/vc_column_inner][\/vc_row_inner][\/vc_column][\/vc_row][vc_row][vc_column]<div class=\"mkdf-separator-holder clearfix  mkdf-separator-center mkdf-separator-full-width\">\n\t<div class=\"mkdf-separator\" style=\"border-color: #d1d1d1\"><\/div>\n<\/div>\n[\/vc_column][\/vc_row][vc_row][vc_column]<div class=\"mkdf-boxes mkdf-two-columns\" ><div class=\"mkdf-boxes-item \" >\n        <div class=\"mkdf-boxes-item-inner\">\n        <div class=\"mkdf-boxes-item-content mkdf-boxes-custom-203965\" >\n            <div class=\"mkdf-counter-holder\">\n\t<div class=\"mkdf-counter-inner\">\n\t\t\t\t\t\t\t\t\t<span class=\"mkdf-counter mkdf-zero-counter\" style=\"font-size: 30px;color: #66cc00\">5000<\/span>\n\t\t\t\t\t\t\t<h6 class=\"mkdf-counter-title\" style=\"color: #777777;font-weight: 300\">\n\t\t\t\tJ\u00e4hrlich durchschnittlich Endoskopien\t\t\t<\/h6>\n\t\t\t\t\t<\/div>\n<\/div>        <\/div>\n            <\/div>\n<\/div><div class=\"mkdf-boxes-item \" >\n        <div class=\"mkdf-boxes-item-inner\">\n        <div class=\"mkdf-boxes-item-content mkdf-boxes-custom-551806\" >\n            <div class=\"mkdf-counter-holder\">\n\t<div class=\"mkdf-counter-inner\">\n\t\t\t\t\t\t\t\t\t<span class=\"mkdf-counter mkdf-zero-counter\" style=\"font-size: 30px;color: #66cc00\">80000<\/span>\n\t\t\t\t\t\t\t<h6 class=\"mkdf-counter-title\" style=\"color: #777777;font-weight: 300\">\n\t\t\t\tEndoskopien seit der Gr\u00fcndung\t\t\t<\/h6>\n\t\t\t\t\t<\/div>\n<\/div>        <\/div>\n            <\/div>\n<\/div><\/div>[\/vc_column][\/vc_row]<\/p>\n<\/div>","protected":false},"excerpt":{"rendered":"<p>[vc_row][vc_column width=\u00bb1\/3&#8243;][\/vc_column][vc_column width=\u00bb2\/3&#8243;][vc_custom_heading text=\u00bbIch wurde 1960 in Wien geboren und nachdem ich einige Jahre im Wirtschaftsbereich (medizinischeDr Technologie) gearbeitet hatte, begann ich an der Universit\u00e4t Wien Medizin zu studieren. Schon w\u00e4hrend meines Studiums f\u00fchrte mich mein pers\u00f6nliches Interesse zur Chirurgie. [&hellip;]<\/p>\n","protected":false},"author":3,"featured_media":10538,"parent":0,"menu_order":0,"comment_status":"closed","ping_status":"closed","template":"","meta":{"footnotes":""},"class_list":["post-9641","page","type-page","status-publish","has-post-thumbnail","hentry"],"yoast_head":"<!-- This site is optimized with the Yoast SEO plugin v27.3 - https:\/\/yoast.com\/product\/yoast-seo-wordpress\/ -->\n<title>Su Equipo - Facharzt f\u00fcr Chirurgie<\/title>\n<meta name=\"robots\" content=\"index, follow, max-snippet:-1, max-image-preview:large, max-video-preview:-1\" \/>\n<link rel=\"canonical\" href=\"https:\/\/www.endoskopie.co.at\/es\/su-equipo\/\" \/>\n<meta property=\"og:locale\" content=\"es_ES\" \/>\n<meta property=\"og:type\" content=\"article\" \/>\n<meta property=\"og:title\" content=\"Su Equipo - Facharzt f\u00fcr Chirurgie\" \/>\n<meta property=\"og:description\" content=\"[vc_row][vc_column width=\u00bb1\/3&#8243;][\/vc_column][vc_column width=\u00bb2\/3&#8243;][vc_custom_heading text=\u00bbIch wurde 1960 in Wien geboren und nachdem ich einige Jahre im Wirtschaftsbereich (medizinischeDr Technologie) gearbeitet hatte, begann ich an der Universit\u00e4t Wien Medizin zu studieren. Schon w\u00e4hrend meines Studiums f\u00fchrte mich mein pers\u00f6nliches Interesse zur Chirurgie. [&hellip;]\" \/>\n<meta property=\"og:url\" content=\"https:\/\/www.endoskopie.co.at\/es\/su-equipo\/\" \/>\n<meta property=\"og:site_name\" content=\"Facharzt f\u00fcr Chirurgie\" \/>\n<meta property=\"article:modified_time\" content=\"2020-04-15T14:37:54+00:00\" \/>\n<meta name=\"twitter:card\" content=\"summary_large_image\" \/>\n<meta name=\"twitter:label1\" content=\"Tiempo de lectura\" \/>\n\t<meta name=\"twitter:data1\" content=\"5 minutos\" \/>\n<script type=\"application\/ld+json\" class=\"yoast-schema-graph\">{\"@context\":\"https:\\\/\\\/schema.org\",\"@graph\":[{\"@type\":\"WebPage\",\"@id\":\"https:\\\/\\\/www.endoskopie.co.at\\\/es\\\/su-equipo\\\/\",\"url\":\"https:\\\/\\\/www.endoskopie.co.at\\\/es\\\/su-equipo\\\/\",\"name\":\"Su Equipo - Facharzt f\u00fcr Chirurgie\",\"isPartOf\":{\"@id\":\"https:\\\/\\\/www.endoskopie.co.at\\\/#website\"},\"primaryImageOfPage\":{\"@id\":\"https:\\\/\\\/www.endoskopie.co.at\\\/es\\\/su-equipo\\\/#primaryimage\"},\"image\":{\"@id\":\"https:\\\/\\\/www.endoskopie.co.at\\\/es\\\/su-equipo\\\/#primaryimage\"},\"thumbnailUrl\":\"https:\\\/\\\/www.endoskopie.co.at\\\/wp-content\\\/uploads\\\/2020\\\/11\\\/Logo-Endoskopie-Dr.-Gottfried-Steiner.png\",\"datePublished\":\"2020-02-24T16:38:02+00:00\",\"dateModified\":\"2020-04-15T14:37:54+00:00\",\"breadcrumb\":{\"@id\":\"https:\\\/\\\/www.endoskopie.co.at\\\/es\\\/su-equipo\\\/#breadcrumb\"},\"inLanguage\":\"es\",\"potentialAction\":[{\"@type\":\"ReadAction\",\"target\":[\"https:\\\/\\\/www.endoskopie.co.at\\\/es\\\/su-equipo\\\/\"]}]},{\"@type\":\"ImageObject\",\"inLanguage\":\"es\",\"@id\":\"https:\\\/\\\/www.endoskopie.co.at\\\/es\\\/su-equipo\\\/#primaryimage\",\"url\":\"https:\\\/\\\/www.endoskopie.co.at\\\/wp-content\\\/uploads\\\/2020\\\/11\\\/Logo-Endoskopie-Dr.-Gottfried-Steiner.png\",\"contentUrl\":\"https:\\\/\\\/www.endoskopie.co.at\\\/wp-content\\\/uploads\\\/2020\\\/11\\\/Logo-Endoskopie-Dr.-Gottfried-Steiner.png\",\"width\":210,\"height\":150},{\"@type\":\"BreadcrumbList\",\"@id\":\"https:\\\/\\\/www.endoskopie.co.at\\\/es\\\/su-equipo\\\/#breadcrumb\",\"itemListElement\":[{\"@type\":\"ListItem\",\"position\":1,\"name\":\"Startseite\",\"item\":\"https:\\\/\\\/www.endoskopie.co.at\\\/es\\\/\"},{\"@type\":\"ListItem\",\"position\":2,\"name\":\"Su Equipo\"}]},{\"@type\":\"WebSite\",\"@id\":\"https:\\\/\\\/www.endoskopie.co.at\\\/#website\",\"url\":\"https:\\\/\\\/www.endoskopie.co.at\\\/\",\"name\":\"Facharzt f\u00fcr Chirurgie\",\"description\":\"Dr. Gottfried Steiner\",\"potentialAction\":[{\"@type\":\"SearchAction\",\"target\":{\"@type\":\"EntryPoint\",\"urlTemplate\":\"https:\\\/\\\/www.endoskopie.co.at\\\/?s={search_term_string}\"},\"query-input\":{\"@type\":\"PropertyValueSpecification\",\"valueRequired\":true,\"valueName\":\"search_term_string\"}}],\"inLanguage\":\"es\"}]}<\/script>\n<!-- \/ Yoast SEO plugin. -->","yoast_head_json":{"title":"Su Equipo - Facharzt f\u00fcr Chirurgie","robots":{"index":"index","follow":"follow","max-snippet":"max-snippet:-1","max-image-preview":"max-image-preview:large","max-video-preview":"max-video-preview:-1"},"canonical":"https:\/\/www.endoskopie.co.at\/es\/su-equipo\/","og_locale":"es_ES","og_type":"article","og_title":"Su Equipo - Facharzt f\u00fcr Chirurgie","og_description":"[vc_row][vc_column width=\u00bb1\/3&#8243;][\/vc_column][vc_column width=\u00bb2\/3&#8243;][vc_custom_heading text=\u00bbIch wurde 1960 in Wien geboren und nachdem ich einige Jahre im Wirtschaftsbereich (medizinischeDr Technologie) gearbeitet hatte, begann ich an der Universit\u00e4t Wien Medizin zu studieren. Schon w\u00e4hrend meines Studiums f\u00fchrte mich mein pers\u00f6nliches Interesse zur Chirurgie. [&hellip;]","og_url":"https:\/\/www.endoskopie.co.at\/es\/su-equipo\/","og_site_name":"Facharzt f\u00fcr Chirurgie","article_modified_time":"2020-04-15T14:37:54+00:00","twitter_card":"summary_large_image","twitter_misc":{"Tiempo de lectura":"5 minutos"},"schema":{"@context":"https:\/\/schema.org","@graph":[{"@type":"WebPage","@id":"https:\/\/www.endoskopie.co.at\/es\/su-equipo\/","url":"https:\/\/www.endoskopie.co.at\/es\/su-equipo\/","name":"Su Equipo - Facharzt f\u00fcr Chirurgie","isPartOf":{"@id":"https:\/\/www.endoskopie.co.at\/#website"},"primaryImageOfPage":{"@id":"https:\/\/www.endoskopie.co.at\/es\/su-equipo\/#primaryimage"},"image":{"@id":"https:\/\/www.endoskopie.co.at\/es\/su-equipo\/#primaryimage"},"thumbnailUrl":"https:\/\/www.endoskopie.co.at\/wp-content\/uploads\/2020\/11\/Logo-Endoskopie-Dr.-Gottfried-Steiner.png","datePublished":"2020-02-24T16:38:02+00:00","dateModified":"2020-04-15T14:37:54+00:00","breadcrumb":{"@id":"https:\/\/www.endoskopie.co.at\/es\/su-equipo\/#breadcrumb"},"inLanguage":"es","potentialAction":[{"@type":"ReadAction","target":["https:\/\/www.endoskopie.co.at\/es\/su-equipo\/"]}]},{"@type":"ImageObject","inLanguage":"es","@id":"https:\/\/www.endoskopie.co.at\/es\/su-equipo\/#primaryimage","url":"https:\/\/www.endoskopie.co.at\/wp-content\/uploads\/2020\/11\/Logo-Endoskopie-Dr.-Gottfried-Steiner.png","contentUrl":"https:\/\/www.endoskopie.co.at\/wp-content\/uploads\/2020\/11\/Logo-Endoskopie-Dr.-Gottfried-Steiner.png","width":210,"height":150},{"@type":"BreadcrumbList","@id":"https:\/\/www.endoskopie.co.at\/es\/su-equipo\/#breadcrumb","itemListElement":[{"@type":"ListItem","position":1,"name":"Startseite","item":"https:\/\/www.endoskopie.co.at\/es\/"},{"@type":"ListItem","position":2,"name":"Su Equipo"}]},{"@type":"WebSite","@id":"https:\/\/www.endoskopie.co.at\/#website","url":"https:\/\/www.endoskopie.co.at\/","name":"Facharzt f\u00fcr Chirurgie","description":"Dr. Gottfried Steiner","potentialAction":[{"@type":"SearchAction","target":{"@type":"EntryPoint","urlTemplate":"https:\/\/www.endoskopie.co.at\/?s={search_term_string}"},"query-input":{"@type":"PropertyValueSpecification","valueRequired":true,"valueName":"search_term_string"}}],"inLanguage":"es"}]}},"_links":{"self":[{"href":"https:\/\/www.endoskopie.co.at\/es\/wp-json\/wp\/v2\/pages\/9641","targetHints":{"allow":["GET"]}}],"collection":[{"href":"https:\/\/www.endoskopie.co.at\/es\/wp-json\/wp\/v2\/pages"}],"about":[{"href":"https:\/\/www.endoskopie.co.at\/es\/wp-json\/wp\/v2\/types\/page"}],"author":[{"embeddable":true,"href":"https:\/\/www.endoskopie.co.at\/es\/wp-json\/wp\/v2\/users\/3"}],"replies":[{"embeddable":true,"href":"https:\/\/www.endoskopie.co.at\/es\/wp-json\/wp\/v2\/comments?post=9641"}],"version-history":[{"count":0,"href":"https:\/\/www.endoskopie.co.at\/es\/wp-json\/wp\/v2\/pages\/9641\/revisions"}],"wp:featuredmedia":[{"embeddable":true,"href":"https:\/\/www.endoskopie.co.at\/es\/wp-json\/wp\/v2\/media\/10538"}],"wp:attachment":[{"href":"https:\/\/www.endoskopie.co.at\/es\/wp-json\/wp\/v2\/media?parent=9641"}],"curies":[{"name":"wp","href":"https:\/\/api.w.org\/{rel}","templated":true}]}}