{"id":9661,"date":"2020-02-24T16:50:56","date_gmt":"2020-02-24T16:50:56","guid":{"rendered":"http:\/\/webseitecheck.de\/es\/?page_id=9661"},"modified":"2020-03-11T10:23:38","modified_gmt":"2020-03-11T09:23:38","slug":"la-gastroscopia","status":"publish","type":"page","link":"https:\/\/www.endoskopie.co.at\/es\/la-gastroscopia\/","title":{"rendered":"La gastroscopia"},"content":{"rendered":"<div class=\"wpb-content-wrapper\"><p>[vc_row][vc_column][vc_empty_space]<div class=\"mkdf-section-title-holder mkdf-st-standard mkdf-st-title-left mkdf-st-normal-space \" style=\"text-align: center\">\n\t<div class=\"mkdf-st-inner\">\n\t\t\t\t\t<h3 class=\"mkdf-st-title\" >\n\t\t\t\t\u00bfQu\u00e9 es la gastroscopia?\t\t\t<\/h3>\n\t\t\t\t\t\t\t<h4 class=\"mkdf-st-text\" >\n\t\t\t\tEsofagogastroduodenoscopia (EGD)\t\t\t<\/h4>\n\t\t\t<\/div>\n<\/div>[vc_empty_space][vc_single_image image=\u00bb9845&#8243; img_size=\u00bbmedium\u00bb alignment=\u00bbcenter\u00bb][vc_empty_space height=\u00bb50px\u00bb]<div class=\"mkdf-section-title-holder mkdf-st-standard mkdf-st-title-left mkdf-st-normal-space \" style=\"text-align: left\">\n\t<div class=\"mkdf-st-inner\">\n\t\t\t\t\t<h4 class=\"mkdf-st-title\" >\n\t\t\t\tEstimados pacientes,\t\t\t<\/h4>\n\t\t\t\t\t\t\t<h5 class=\"mkdf-st-text\" style=\"font-weight: 300;margin-top: 5px\">\n\t\t\t\tla endoscopia del es\u00f3fago, del est\u00f3mago y del duodeno me permite detectar cambios patol\u00f3gicos (por ejemplo infecciones, \u00falceras, varices, hemorragias, p\u00f3lipos y tumores) a tiempo y elegir la medida terap\u00e9utica m\u00e1s efectiva para Usted. Antes del examen hablar\u00e9 con Usted sobre la necesidad y la realizaci\u00f3n de las medidas previstas. Usted tiene que estar informado tanto de los riesgos y consecuencias t\u00edpicos como de los m\u00e9todos alternativos de examen para poder decidirse y consentir la realizaci\u00f3n de la endoscopia propuesta. Esta informaci\u00f3n est\u00e1 dise\u00f1ada para ayudarnos a preparar la conversaci\u00f3n y documentar los puntos esenciales.\t\t\t<\/h5>\n\t\t\t<\/div>\n<\/div>[\/vc_column][\/vc_row][vc_row][vc_column]<div class=\"mkdf-separator-holder clearfix  mkdf-separator-center mkdf-separator-full-width\">\n\t<div class=\"mkdf-separator\" style=\"border-color: #e0e0e0;border-style: solid;border-bottom-width: 1px;margin-top: 50px;margin-bottom: 50px\"><\/div>\n<\/div>\n[\/vc_column][\/vc_row][vc_row][vc_column]<div class=\"mkdf-tabs mkdf-tabs-standard\">\n\t<ul class=\"mkdf-tabs-nav clearfix\">\n\t\t\t\t\t<li>\n\t\t\t\t\t\t\t\t\t<a href=\"#tab-como-se-realiza-la-endoscopia\">\u00bfC\u00f3mo se realiza la endoscopia?<\/a>\n\t\t\t\t\t\t\t<\/li>\n\t\t\t\t\t<li>\n\t\t\t\t\t\t\t\t\t<a href=\"#tab-existen-otras-posibilidades-de-examen\">\u00bfExisten otras posibilidades de examen?<\/a>\n\t\t\t\t\t\t\t<\/li>\n\t\t\t\t\t<li>\n\t\t\t\t\t\t\t\t\t<a href=\"#tab-existen-riesgos-complicaciones\">\u00bfExisten riesgos\/complicaciones?<\/a>\n\t\t\t\t\t\t\t<\/li>\n\t\t\t\t\t<li>\n\t\t\t\t\t\t\t\t\t<a href=\"#tab-que-es-lo-que-debe-tenerse-en-cuenta\">\u00bfQu\u00e9 es lo que debe tenerse en cuenta?<\/a>\n\t\t\t\t\t\t\t<\/li>\n\t\t\t\t\t<li>\n\t\t\t\t\t\t\t\t\t<a href=\"#tab-preguntas-importantes\">Preguntas importantes<\/a>\n\t\t\t\t\t\t\t<\/li>\n\t\t\t<\/ul>\n\t<div class=\"mkdf-tab-container\" id=\"tab-como-se-realiza-la-endoscopia-541\">[vc_column_text]Se introduce por la boca un instrumento de fibra \u00f3ptica y flexible (el endoscopio), pas\u00e1ndolo por el es\u00f3fago, el est\u00f3mago o el duodeno (v\u00e9ase el gr\u00e1fico). Se inyecta aire para distender el tubo digestivo y poder detectar cambios patol\u00f3gicos de manera m\u00e1s f\u00e1cil.<br \/>\nEn caso necesario se pueden tomar muestras de tejido con una pinza peque\u00f1a durante la endoscopia. La biopsia no causa dolor, sin embargo, se puede percibir como desagradable. Seg\u00fan la necesidad, o en caso que Usted as\u00ed lo desee, se le aplicar\u00e1 una anestesia local para insensibilizar la garganta o recibir\u00e1 un calmante por v\u00eda intravenosa.<br \/>\nEn caso de que determinadas medidas terap\u00e9uticas sean necesarias durante la endoscopia, (por ejemplo: Ligadura de las varices del es\u00f3fago, extirpaci\u00f3n de p\u00f3lipos) Usted recibir\u00e1 informaci\u00f3n detallada.[\/vc_column_text]<\/div><div class=\"mkdf-tab-container\" id=\"tab-existen-otras-posibilidades-de-examen-964\">[vc_column_text]Los cambios patol\u00f3gicos del tracto digestivo alto tambi\u00e9n se pueden detectar a trav\u00e9s de un examen radiosc\u00f3pico con medio de contraste. Este procedimiento es menos desagradable, pero implica una exposici\u00f3n a la radiaci\u00f3n por parte del paciente. A diferencia de la radiograf\u00eda, el m\u00e9dico puede examinar el tracto digestivo con el endoscopio con visi\u00f3n directa y obtener muestras de tejido para someterlas posteriormente a ex\u00e1menes tisulares detallados.[\/vc_column_text]<\/div><div class=\"mkdf-tab-container\" id=\"tab-existen-riesgos-complicaciones-69\">[vc_column_text]Hoy en d\u00eda, la endoscopia del tracto digestivo alto es un m\u00e9todo rutinario de riesgo bajo.<br \/>\nA pesar del sumo cuidado aplicado, ocasionalmente, pueden derivar complicaciones que pongan la vida en peligro. El riesgo aumenta en caso de condiciones f\u00edsicas especiales (por ejemplo: cirug\u00edas previas). En particular:<\/p>\n<p>Raramente lesiones de la pared intestinal, la laringe y la tr\u00e1quea, causadas por el endoscopio o instrumentos complementarios, o por la inyecci\u00f3n del aire. Hemorragias ligeras, trastornos de la degluci\u00f3n que pueden resultar en dolores y una ronquera ligera, disminuyendo ellos mismos en la mayor\u00eda de las veces. La perforaci\u00f3n, que por regla general necesita estar operada inmediatamente, as\u00ed como el escape de bacterias en el espacio tor\u00e1cico y en el abdomen que resultan en pleuritis o peritonitis (en la mayor\u00eda de los casos tratables con antibi\u00f3ticos) ocurren tan espor\u00e1dicamente que no se pueden establecer estad\u00edsticas. Muy raramente hemorragias causadas por la toma de muestras de tejido, que cesan en la mayor\u00eda de los casos autom\u00e1ticamente. Hemorragias graves son sumamente raras y pueden ser tratadas inmediatamente con medicamentos astringentes v\u00eda inyecci\u00f3n por el endoscopio.<br \/>\nRaramente reacciones al\u00e9rgicas (hipersensibilidad) a los medicamentos inyectados o bien al anest\u00e9sico de garganta; manifest\u00e1ndose en forma de n\u00e1useas, picaz\u00f3n o erupci\u00f3n cut\u00e1nea. Esos s\u00edntomas desaparecen normalmente por s\u00ed solos y no se necesita por regla general un tratamiento adicional.<br \/>\nRaramente la funci\u00f3n respiratoria puede agravarse hasta la parada respiratoria, muy raramente irregularidades en el sistema cardiovascular, especialmente cuando se administran tranquilizantes o como reacci\u00f3n al\u00e9rgica severa a los medicamentos o anest\u00e9sicos inyectados. Esas reacciones exigen un tratamiento intensivo y pueden tal vez poner en peligro la vida del afectado. Se pueden manifestar da\u00f1os permanentes a causa de una falta de circulaci\u00f3n en los \u00f3rganos (fallo renal cr\u00f3nico, lesi\u00f3n del enc\u00e9falo, convulsiones). Sin embargo, mi supervisi\u00f3n durante y despu\u00e9s del examen reduce el peligro considerablemente.; pudi\u00e9ndose realizar en caso necesario medidas de intervenci\u00f3n adicional.<br \/>\nComplicaciones muy raras, desde la propagaci\u00f3n de g\u00e9rmenes (bacteriemia) hasta una sepsis o una inflamaci\u00f3n del tejido interno card\u00edaco (endocarditis), necesitan un cuidado intensivo. Da\u00f1os en la dentadura, en caso de dientes flojos, en la piel y en los tejidos blandos (absceso por una inyecci\u00f3n, necrosis e irritaci\u00f3n de los nervios y las venas) causados por inyecciones y\/o da\u00f1os por la colocaci\u00f3n del cuerpo en el transcurso del examen. Normalmente desaparecen al cabo de un tiempo por s\u00ed solos o pueden ser tratados. En el peor de los casos se pueden manifestar molestias duraderas (cicatrices, parestesias dolorosas, entumecimiento). Yo les informar\u00eda antes sobre los riesgos y complicaciones posibles en cada caso.[\/vc_column_text]<\/div><div class=\"mkdf-tab-container\" id=\"tab-que-es-lo-que-debe-tenerse-en-cuenta-358\">[vc_column_text]<strong>Preparaci\u00f3n antes de la endoscopia<\/strong><br \/>\nPara poder evaluar el tracto digestivo superior de manera precisa, el tracto tiene que estar exento de residuos de alimentos. Por eso Usted debe estar en ayuno el d\u00eda del examen, es decir, no debe haber tomado ni bebidas ni comida por un m\u00ednimo 5 horas antes del examen. En el caso de medicamentos de dosis diaria, s\u00f3lo podr\u00e1 realizarse seg\u00fan previo acuerdo (por ejemplo ajustes en la dosis de insulina). Si no se ha acordado algo diferente, medicamentos como la Aspirina se deben dejar de tomar 3 d\u00edas antes del examen. En caso de que Usted est\u00e9 tomando otros medicamentos anticoagulantes (como Marcumar), por favor se ruega informar previamente.<\/p>\n<p><strong>Despu\u00e9s de la endoscopia<\/strong><br \/>\nN\u00e1usea ligera, malestar de garganta (por ejemplo un sentimiento de ardor), las flatulencias dolorosas causadas por aire que se ha quedado en el est\u00f3mago o el duodeno son normalmente inocuas y desaparecen despu\u00e9s un corto per\u00edodo de tiempo por s\u00ed solas.<br \/>\nEn caso de que Usted reciba una anestesia de garganta o un tranquilizante, no puede comer ni beber por un m\u00ednimo de 1 hora despu\u00e9s de la endoscopia. En lo que ata\u00f1a a la ingesti\u00f3n de alimentos despu\u00e9s del examen y otras l\u00edneas de conducta (por ejemplo \u2013 ingesti\u00f3n de medicamentos despu\u00e9s del examen, en particular los medicamentos anticoagulantes), debe respetar las recomendaciones de su m\u00e9dico.<br \/>\nDespu\u00e9s de un tranquilizante o analg\u00e9sico, no debe conducir, tomar decisiones importantes o utilizar maquinaria por un plazo de 24 horas.<br \/>\nPor favor pida que alguien le recoja, en caso de una endoscopia ambulatoria, y preg\u00fantenos a cerca de si precisar\u00e1 de asistencia en el hogar durante un tiempo determinado. En caso de dolor u otras molestias (mareo, n\u00e1useas, v\u00f3mito de sangre, p\u00e9rdida de sangre por el orificio anal) por favor informe de inmediato tanto a m\u00ed como a Urgencias de la Cl\u00ednica o su m\u00e9dico de cabecera.<br \/>\nPor la endoscopia y los ex\u00e1menes tisulares detallados de las muestras de tejido (en caso que se apliquen) se pueden detectar cambios patol\u00f3gicos en el tracto digestivo alto con un alto nivel de garant\u00eda. Sin embargo, puede ser necesario, dependiendo del diagn\u00f3stico, realizar reconocimientos de control m\u00e9dico; de lo cu\u00e1l ser\u00e1 informado Usted y\/o su m\u00e9dico.<br \/>\n\u00bfUsted tiene m\u00e1s preguntas? Durante la consulta pregunte todo lo que le parezca importante o poco claro. Aqu\u00ed tiene la posibilidad de anotar sus preguntas para no olvidarlas durante la consulta.[\/vc_column_text]<\/div><div class=\"mkdf-tab-container\" id=\"tab-preguntas-importantes-327\">[vc_column_text]Se ruega una contestaci\u00f3n veraz para detectar fuentes de peligro a tiempo y evaluar sus riesgos particulares.<\/p>\n<ol>\n<li>\u00bfExiste un trastorno sangu\u00edneo\/ un aumento en la tendencia a sangrar (por ejemplo, hemorragia nasal aumentada, tendencia a hematomas o moratones)?<\/li>\n<li>\u00bfEst\u00e1 usted tomando otros medicamentos anticoagulantes (como Marcumar, Aspirina, Heparina)?<\/li>\n<li>\u00bfExiste alergia \/ hipersensibilidad (por ejemplo, asma, fiebre del heno, a medicamentos, tiritas, l\u00e1tex, alimentoso anest\u00e9sicos locales)?<\/li>\n<li>\u00bfExiste una enfermedad cardiovascular o pulmonar (por ejemplo, enfermedad valvular tensi\u00f3n alta o asma bronquial)?<\/li>\n<li>\u00bfExiste una enfermedad infecciosa aguda o cr\u00f3nica (como hepatitis, sida) u otra enfermedad grave (como glaucoma, epilepsia, par\u00e1lisis)?<\/li>\n<li>\u00bfSe tiene conocimiento de trastornos metab\u00f3licos (por ejemplo diabetes, hiperfunci\u00f3n o hipofunci\u00f3n de la gl\u00e1ndula tiroidea)?<\/li>\n<li>\u00bf Ha sido Usted operado del aparato digestivo?<\/li>\n<li>\u00bf Tiene Usted dientes flojos, enfermedad en la dentadura (por ejemplo caries, enfermedad periodontal) o tiene una pr\u00f3tesis dental (por ejemplo diente de espiga, fundas dentales, puentes dentales, pr\u00f3tesis extra\u00edbles)?<\/li>\n<\/ol>\n<p>[\/vc_column_text]<\/div><\/div>[\/vc_column][\/vc_row][vc_row][vc_column][vc_empty_space height=\u00bb50px\u00bb][\/vc_column][\/vc_row]<\/p>\n<\/div>","protected":false},"excerpt":{"rendered":"<p>[vc_row][vc_column][vc_empty_space][vc_empty_space][vc_single_image image=\u00bb9845&#8243; img_size=\u00bbmedium\u00bb alignment=\u00bbcenter\u00bb][vc_empty_space height=\u00bb50px\u00bb][\/vc_column][\/vc_row][vc_row][vc_column][\/vc_column][\/vc_row][vc_row][vc_column][\/vc_column][\/vc_row][vc_row][vc_column][vc_empty_space height=\u00bb50px\u00bb][\/vc_column][\/vc_row]<\/p>\n","protected":false},"author":3,"featured_media":0,"parent":0,"menu_order":0,"comment_status":"closed","ping_status":"closed","template":"","meta":{"footnotes":""},"class_list":["post-9661","page","type-page","status-publish","hentry"],"yoast_head":"<!-- This site is optimized with the Yoast SEO plugin v27.3 - https:\/\/yoast.com\/product\/yoast-seo-wordpress\/ -->\n<title>La gastroscopia - Facharzt f\u00fcr Chirurgie<\/title>\n<meta name=\"robots\" content=\"index, follow, max-snippet:-1, max-image-preview:large, max-video-preview:-1\" \/>\n<link rel=\"canonical\" href=\"https:\/\/www.endoskopie.co.at\/es\/la-gastroscopia\/\" \/>\n<meta property=\"og:locale\" content=\"es_ES\" \/>\n<meta property=\"og:type\" content=\"article\" \/>\n<meta property=\"og:title\" content=\"La gastroscopia - Facharzt f\u00fcr Chirurgie\" \/>\n<meta property=\"og:description\" content=\"[vc_row][vc_column][vc_empty_space][vc_empty_space][vc_single_image image=\u00bb9845&#8243; img_size=\u00bbmedium\u00bb alignment=\u00bbcenter\u00bb][vc_empty_space height=\u00bb50px\u00bb][\/vc_column][\/vc_row][vc_row][vc_column][\/vc_column][\/vc_row][vc_row][vc_column][\/vc_column][\/vc_row][vc_row][vc_column][vc_empty_space height=\u00bb50px\u00bb][\/vc_column][\/vc_row]\" \/>\n<meta property=\"og:url\" content=\"https:\/\/www.endoskopie.co.at\/es\/la-gastroscopia\/\" \/>\n<meta property=\"og:site_name\" content=\"Facharzt f\u00fcr Chirurgie\" \/>\n<meta property=\"article:modified_time\" content=\"2020-03-11T09:23:38+00:00\" \/>\n<meta name=\"twitter:card\" content=\"summary_large_image\" \/>\n<meta name=\"twitter:label1\" content=\"Tiempo de lectura\" \/>\n\t<meta name=\"twitter:data1\" content=\"8 minutos\" \/>\n<script type=\"application\/ld+json\" class=\"yoast-schema-graph\">{\"@context\":\"https:\\\/\\\/schema.org\",\"@graph\":[{\"@type\":\"WebPage\",\"@id\":\"https:\\\/\\\/www.endoskopie.co.at\\\/es\\\/la-gastroscopia\\\/\",\"url\":\"https:\\\/\\\/www.endoskopie.co.at\\\/es\\\/la-gastroscopia\\\/\",\"name\":\"La gastroscopia - Facharzt f\u00fcr Chirurgie\",\"isPartOf\":{\"@id\":\"https:\\\/\\\/www.endoskopie.co.at\\\/#website\"},\"datePublished\":\"2020-02-24T16:50:56+00:00\",\"dateModified\":\"2020-03-11T09:23:38+00:00\",\"breadcrumb\":{\"@id\":\"https:\\\/\\\/www.endoskopie.co.at\\\/es\\\/la-gastroscopia\\\/#breadcrumb\"},\"inLanguage\":\"es\",\"potentialAction\":[{\"@type\":\"ReadAction\",\"target\":[\"https:\\\/\\\/www.endoskopie.co.at\\\/es\\\/la-gastroscopia\\\/\"]}]},{\"@type\":\"BreadcrumbList\",\"@id\":\"https:\\\/\\\/www.endoskopie.co.at\\\/es\\\/la-gastroscopia\\\/#breadcrumb\",\"itemListElement\":[{\"@type\":\"ListItem\",\"position\":1,\"name\":\"Startseite\",\"item\":\"https:\\\/\\\/www.endoskopie.co.at\\\/es\\\/\"},{\"@type\":\"ListItem\",\"position\":2,\"name\":\"La gastroscopia\"}]},{\"@type\":\"WebSite\",\"@id\":\"https:\\\/\\\/www.endoskopie.co.at\\\/#website\",\"url\":\"https:\\\/\\\/www.endoskopie.co.at\\\/\",\"name\":\"Facharzt f\u00fcr Chirurgie\",\"description\":\"Dr. Gottfried Steiner\",\"potentialAction\":[{\"@type\":\"SearchAction\",\"target\":{\"@type\":\"EntryPoint\",\"urlTemplate\":\"https:\\\/\\\/www.endoskopie.co.at\\\/?s={search_term_string}\"},\"query-input\":{\"@type\":\"PropertyValueSpecification\",\"valueRequired\":true,\"valueName\":\"search_term_string\"}}],\"inLanguage\":\"es\"}]}<\/script>\n<!-- \/ Yoast SEO plugin. -->","yoast_head_json":{"title":"La gastroscopia - Facharzt f\u00fcr Chirurgie","robots":{"index":"index","follow":"follow","max-snippet":"max-snippet:-1","max-image-preview":"max-image-preview:large","max-video-preview":"max-video-preview:-1"},"canonical":"https:\/\/www.endoskopie.co.at\/es\/la-gastroscopia\/","og_locale":"es_ES","og_type":"article","og_title":"La gastroscopia - Facharzt f\u00fcr Chirurgie","og_description":"[vc_row][vc_column][vc_empty_space][vc_empty_space][vc_single_image image=\u00bb9845&#8243; img_size=\u00bbmedium\u00bb alignment=\u00bbcenter\u00bb][vc_empty_space height=\u00bb50px\u00bb][\/vc_column][\/vc_row][vc_row][vc_column][\/vc_column][\/vc_row][vc_row][vc_column][\/vc_column][\/vc_row][vc_row][vc_column][vc_empty_space height=\u00bb50px\u00bb][\/vc_column][\/vc_row]","og_url":"https:\/\/www.endoskopie.co.at\/es\/la-gastroscopia\/","og_site_name":"Facharzt f\u00fcr Chirurgie","article_modified_time":"2020-03-11T09:23:38+00:00","twitter_card":"summary_large_image","twitter_misc":{"Tiempo de lectura":"8 minutos"},"schema":{"@context":"https:\/\/schema.org","@graph":[{"@type":"WebPage","@id":"https:\/\/www.endoskopie.co.at\/es\/la-gastroscopia\/","url":"https:\/\/www.endoskopie.co.at\/es\/la-gastroscopia\/","name":"La gastroscopia - Facharzt f\u00fcr Chirurgie","isPartOf":{"@id":"https:\/\/www.endoskopie.co.at\/#website"},"datePublished":"2020-02-24T16:50:56+00:00","dateModified":"2020-03-11T09:23:38+00:00","breadcrumb":{"@id":"https:\/\/www.endoskopie.co.at\/es\/la-gastroscopia\/#breadcrumb"},"inLanguage":"es","potentialAction":[{"@type":"ReadAction","target":["https:\/\/www.endoskopie.co.at\/es\/la-gastroscopia\/"]}]},{"@type":"BreadcrumbList","@id":"https:\/\/www.endoskopie.co.at\/es\/la-gastroscopia\/#breadcrumb","itemListElement":[{"@type":"ListItem","position":1,"name":"Startseite","item":"https:\/\/www.endoskopie.co.at\/es\/"},{"@type":"ListItem","position":2,"name":"La gastroscopia"}]},{"@type":"WebSite","@id":"https:\/\/www.endoskopie.co.at\/#website","url":"https:\/\/www.endoskopie.co.at\/","name":"Facharzt f\u00fcr Chirurgie","description":"Dr. Gottfried Steiner","potentialAction":[{"@type":"SearchAction","target":{"@type":"EntryPoint","urlTemplate":"https:\/\/www.endoskopie.co.at\/?s={search_term_string}"},"query-input":{"@type":"PropertyValueSpecification","valueRequired":true,"valueName":"search_term_string"}}],"inLanguage":"es"}]}},"_links":{"self":[{"href":"https:\/\/www.endoskopie.co.at\/es\/wp-json\/wp\/v2\/pages\/9661","targetHints":{"allow":["GET"]}}],"collection":[{"href":"https:\/\/www.endoskopie.co.at\/es\/wp-json\/wp\/v2\/pages"}],"about":[{"href":"https:\/\/www.endoskopie.co.at\/es\/wp-json\/wp\/v2\/types\/page"}],"author":[{"embeddable":true,"href":"https:\/\/www.endoskopie.co.at\/es\/wp-json\/wp\/v2\/users\/3"}],"replies":[{"embeddable":true,"href":"https:\/\/www.endoskopie.co.at\/es\/wp-json\/wp\/v2\/comments?post=9661"}],"version-history":[{"count":0,"href":"https:\/\/www.endoskopie.co.at\/es\/wp-json\/wp\/v2\/pages\/9661\/revisions"}],"wp:attachment":[{"href":"https:\/\/www.endoskopie.co.at\/es\/wp-json\/wp\/v2\/media?parent=9661"}],"curies":[{"name":"wp","href":"https:\/\/api.w.org\/{rel}","templated":true}]}}