{"id":9710,"date":"2020-03-02T12:09:45","date_gmt":"2020-03-02T11:09:45","guid":{"rendered":"https:\/\/webseitecheck.de\/es\/?page_id=9710"},"modified":"2020-04-15T16:41:55","modified_gmt":"2020-04-15T14:41:55","slug":"los-servicios","status":"publish","type":"page","link":"https:\/\/www.endoskopie.co.at\/es\/los-servicios\/","title":{"rendered":"Los servicios"},"content":{"rendered":"<div class=\"wpb-content-wrapper\"><p>[vc_row][vc_column][vc_empty_space]<div class=\"mkdf-section-title-holder mkdf-st-standard mkdf-st-title-left mkdf-st-normal-space \" >\n\t<div class=\"mkdf-st-inner\">\n\t\t\t\t\t<h3 class=\"mkdf-st-title\" >\n\t\t\t\tUsted puede beneficiarse de los siguientes servicios en mi consultorio:\t\t\t<\/h3>\n\t\t\t\t\t\t\t<h4 class=\"mkdf-st-text\" >\n\t\t\t\tConsulta e informaci\u00f3n sobre sus molestias corporales y los posibles riesgos inherentes.\t\t\t<\/h4>\n\t\t\t<\/div>\n<\/div>[vc_empty_space]<div class=\"mkdf-icon-list-holder\" >\n\t<div class=\"mkdf-il-icon-holder\">\n\t\t<i class=\"mkdf-icon-font-awesome fa fa-circle-o-notch \" style=\"color: #66cc00;font-size: 15px\"><\/i>\t<\/div>\n\t<p class=\"mkdf-il-text\" >Realizaci\u00f3n de pruebas diagn\u00f3sticas y preventivas sin estr\u00e9s y sin dolor (gastroscopia y colonoscopia)<\/p>\n<\/div><div class=\"mkdf-icon-list-holder\" >\n\t<div class=\"mkdf-il-icon-holder\">\n\t\t<i class=\"mkdf-icon-font-awesome fa fa-circle-o-notch \" style=\"color: #66cc00;font-size: 15px\"><\/i>\t<\/div>\n\t<p class=\"mkdf-il-text\" >Realizaci\u00f3n de hidrocolonterapia \/ enemas terap\u00e9uticas: su indicaci\u00f3n se establece despu\u00e9s de una consulta y un diagn\u00f3stico personal.<\/p>\n<\/div><div class=\"mkdf-icon-list-holder\" >\n\t<div class=\"mkdf-il-icon-holder\">\n\t\t<i class=\"mkdf-icon-font-awesome fa fa-circle-o-notch \" style=\"color: #66cc00;font-size: 15px\"><\/i>\t<\/div>\n\t<p class=\"mkdf-il-text\" >Test respiratorio ante la sospecha de una posible intolerancia alimentaria Investigaci\u00f3n y tratamiento de varices<\/p>\n<\/div><div class=\"mkdf-icon-list-holder\" >\n\t<div class=\"mkdf-il-icon-holder\">\n\t\t<i class=\"mkdf-icon-font-awesome fa fa-circle-o-notch \" style=\"color: #66cc00;font-size: 15px\"><\/i>\t<\/div>\n\t<p class=\"mkdf-il-text\" >Realizaci\u00f3n de intervenciones quir\u00fargicas<\/p>\n<\/div>[vc_empty_space height=\u00bb15px\u00bb]<div class=\"mkdf-section-title-holder mkdf-st-standard mkdf-st-title-left mkdf-st-normal-space \" >\n\t<div class=\"mkdf-st-inner\">\n\t\t\t\t\t\t\t<h5 class=\"mkdf-st-text\" style=\"font-weight: 200\">\n\t\t\t\tLos servicios mencionados se realizan personalmente por el Dr. Steiner, as\u00ed como por miembros cualificados de su equipo.\t\t\t<\/h5>\n\t\t\t<\/div>\n<\/div>[\/vc_column][\/vc_row][vc_row][vc_column][vc_empty_space height=\u00bb50px\u00bb][\/vc_column][\/vc_row]<\/p>\n<\/div>","protected":false},"excerpt":{"rendered":"<p>[vc_row][vc_column][vc_empty_space][vc_empty_space][vc_empty_space height=\u00bb15px\u00bb][\/vc_column][\/vc_row][vc_row][vc_column][vc_empty_space height=\u00bb50px\u00bb][\/vc_column][\/vc_row]<\/p>\n","protected":false},"author":3,"featured_media":0,"parent":0,"menu_order":0,"comment_status":"closed","ping_status":"closed","template":"","meta":{"footnotes":""},"class_list":["post-9710","page","type-page","status-publish","hentry"],"yoast_head":"<!-- This site is optimized with the Yoast SEO plugin v27.3 - https:\/\/yoast.com\/product\/yoast-seo-wordpress\/ -->\n<title>Los servicios - Facharzt f\u00fcr Chirurgie<\/title>\n<meta name=\"robots\" content=\"index, follow, max-snippet:-1, max-image-preview:large, max-video-preview:-1\" \/>\n<link rel=\"canonical\" href=\"https:\/\/www.endoskopie.co.at\/es\/los-servicios\/\" \/>\n<meta property=\"og:locale\" content=\"es_ES\" \/>\n<meta property=\"og:type\" content=\"article\" \/>\n<meta property=\"og:title\" content=\"Los servicios - Facharzt f\u00fcr Chirurgie\" \/>\n<meta property=\"og:description\" content=\"[vc_row][vc_column][vc_empty_space][vc_empty_space][vc_empty_space height=\u00bb15px\u00bb][\/vc_column][\/vc_row][vc_row][vc_column][vc_empty_space height=\u00bb50px\u00bb][\/vc_column][\/vc_row]\" \/>\n<meta property=\"og:url\" content=\"https:\/\/www.endoskopie.co.at\/es\/los-servicios\/\" \/>\n<meta property=\"og:site_name\" content=\"Facharzt f\u00fcr Chirurgie\" \/>\n<meta property=\"article:modified_time\" content=\"2020-04-15T14:41:55+00:00\" \/>\n<meta name=\"twitter:card\" content=\"summary_large_image\" \/>\n<meta name=\"twitter:label1\" content=\"Tiempo de lectura\" \/>\n\t<meta name=\"twitter:data1\" content=\"1 minuto\" \/>\n<script type=\"application\/ld+json\" class=\"yoast-schema-graph\">{\"@context\":\"https:\\\/\\\/schema.org\",\"@graph\":[{\"@type\":\"WebPage\",\"@id\":\"https:\\\/\\\/www.endoskopie.co.at\\\/es\\\/los-servicios\\\/\",\"url\":\"https:\\\/\\\/www.endoskopie.co.at\\\/es\\\/los-servicios\\\/\",\"name\":\"Los servicios - Facharzt f\u00fcr Chirurgie\",\"isPartOf\":{\"@id\":\"https:\\\/\\\/www.endoskopie.co.at\\\/#website\"},\"datePublished\":\"2020-03-02T11:09:45+00:00\",\"dateModified\":\"2020-04-15T14:41:55+00:00\",\"breadcrumb\":{\"@id\":\"https:\\\/\\\/www.endoskopie.co.at\\\/es\\\/los-servicios\\\/#breadcrumb\"},\"inLanguage\":\"es\",\"potentialAction\":[{\"@type\":\"ReadAction\",\"target\":[\"https:\\\/\\\/www.endoskopie.co.at\\\/es\\\/los-servicios\\\/\"]}]},{\"@type\":\"BreadcrumbList\",\"@id\":\"https:\\\/\\\/www.endoskopie.co.at\\\/es\\\/los-servicios\\\/#breadcrumb\",\"itemListElement\":[{\"@type\":\"ListItem\",\"position\":1,\"name\":\"Startseite\",\"item\":\"https:\\\/\\\/www.endoskopie.co.at\\\/es\\\/\"},{\"@type\":\"ListItem\",\"position\":2,\"name\":\"Los servicios\"}]},{\"@type\":\"WebSite\",\"@id\":\"https:\\\/\\\/www.endoskopie.co.at\\\/#website\",\"url\":\"https:\\\/\\\/www.endoskopie.co.at\\\/\",\"name\":\"Facharzt f\u00fcr Chirurgie\",\"description\":\"Dr. Gottfried Steiner\",\"potentialAction\":[{\"@type\":\"SearchAction\",\"target\":{\"@type\":\"EntryPoint\",\"urlTemplate\":\"https:\\\/\\\/www.endoskopie.co.at\\\/?s={search_term_string}\"},\"query-input\":{\"@type\":\"PropertyValueSpecification\",\"valueRequired\":true,\"valueName\":\"search_term_string\"}}],\"inLanguage\":\"es\"}]}<\/script>\n<!-- \/ Yoast SEO plugin. -->","yoast_head_json":{"title":"Los servicios - Facharzt f\u00fcr Chirurgie","robots":{"index":"index","follow":"follow","max-snippet":"max-snippet:-1","max-image-preview":"max-image-preview:large","max-video-preview":"max-video-preview:-1"},"canonical":"https:\/\/www.endoskopie.co.at\/es\/los-servicios\/","og_locale":"es_ES","og_type":"article","og_title":"Los servicios - Facharzt f\u00fcr Chirurgie","og_description":"[vc_row][vc_column][vc_empty_space][vc_empty_space][vc_empty_space height=\u00bb15px\u00bb][\/vc_column][\/vc_row][vc_row][vc_column][vc_empty_space height=\u00bb50px\u00bb][\/vc_column][\/vc_row]","og_url":"https:\/\/www.endoskopie.co.at\/es\/los-servicios\/","og_site_name":"Facharzt f\u00fcr Chirurgie","article_modified_time":"2020-04-15T14:41:55+00:00","twitter_card":"summary_large_image","twitter_misc":{"Tiempo de lectura":"1 minuto"},"schema":{"@context":"https:\/\/schema.org","@graph":[{"@type":"WebPage","@id":"https:\/\/www.endoskopie.co.at\/es\/los-servicios\/","url":"https:\/\/www.endoskopie.co.at\/es\/los-servicios\/","name":"Los servicios - Facharzt f\u00fcr Chirurgie","isPartOf":{"@id":"https:\/\/www.endoskopie.co.at\/#website"},"datePublished":"2020-03-02T11:09:45+00:00","dateModified":"2020-04-15T14:41:55+00:00","breadcrumb":{"@id":"https:\/\/www.endoskopie.co.at\/es\/los-servicios\/#breadcrumb"},"inLanguage":"es","potentialAction":[{"@type":"ReadAction","target":["https:\/\/www.endoskopie.co.at\/es\/los-servicios\/"]}]},{"@type":"BreadcrumbList","@id":"https:\/\/www.endoskopie.co.at\/es\/los-servicios\/#breadcrumb","itemListElement":[{"@type":"ListItem","position":1,"name":"Startseite","item":"https:\/\/www.endoskopie.co.at\/es\/"},{"@type":"ListItem","position":2,"name":"Los servicios"}]},{"@type":"WebSite","@id":"https:\/\/www.endoskopie.co.at\/#website","url":"https:\/\/www.endoskopie.co.at\/","name":"Facharzt f\u00fcr Chirurgie","description":"Dr. Gottfried Steiner","potentialAction":[{"@type":"SearchAction","target":{"@type":"EntryPoint","urlTemplate":"https:\/\/www.endoskopie.co.at\/?s={search_term_string}"},"query-input":{"@type":"PropertyValueSpecification","valueRequired":true,"valueName":"search_term_string"}}],"inLanguage":"es"}]}},"_links":{"self":[{"href":"https:\/\/www.endoskopie.co.at\/es\/wp-json\/wp\/v2\/pages\/9710","targetHints":{"allow":["GET"]}}],"collection":[{"href":"https:\/\/www.endoskopie.co.at\/es\/wp-json\/wp\/v2\/pages"}],"about":[{"href":"https:\/\/www.endoskopie.co.at\/es\/wp-json\/wp\/v2\/types\/page"}],"author":[{"embeddable":true,"href":"https:\/\/www.endoskopie.co.at\/es\/wp-json\/wp\/v2\/users\/3"}],"replies":[{"embeddable":true,"href":"https:\/\/www.endoskopie.co.at\/es\/wp-json\/wp\/v2\/comments?post=9710"}],"version-history":[{"count":0,"href":"https:\/\/www.endoskopie.co.at\/es\/wp-json\/wp\/v2\/pages\/9710\/revisions"}],"wp:attachment":[{"href":"https:\/\/www.endoskopie.co.at\/es\/wp-json\/wp\/v2\/media?parent=9710"}],"curies":[{"name":"wp","href":"https:\/\/api.w.org\/{rel}","templated":true}]}}