{"id":9607,"date":"2020-02-24T15:52:14","date_gmt":"2020-02-24T15:52:14","guid":{"rendered":"http:\/\/webseitecheck.de\/?page_id=9607"},"modified":"2020-04-18T14:56:32","modified_gmt":"2020-04-18T12:56:32","slug":"dr-gottfried-steiner-%d1%81%d0%bf%d0%b5%d1%86%d0%b8%d1%98%d0%b0%d0%bb%d0%b8%d1%81%d1%82%d0%b0-%d0%b7%d0%b0-%d1%85%d0%b8%d1%80%d1%83%d1%80%d0%b3%d0%b8%d1%98%d1%83","status":"publish","type":"page","link":"https:\/\/www.endoskopie.co.at\/hr\/","title":{"rendered":"Dr. Gottfried Steiner &#8211;  Specijalist za kirurgiju"},"content":{"rendered":"<div class=\"wpb-content-wrapper\"><p>[vc_row parallax_background_image=&#8221;10188&#8243;][vc_column][rev_slider_vc alias=&#8221;main-home&#8221;]<div class=\"mkdf-elements-holder mkdf-one-column mkdf-responsive-mode-768\" ><div class=\"mkdf-eh-item mkdf-horizontal-alignment-center\"  data-item-class=\"mkdf-eh-custom-623377\" data-1024-1280=\"0px 0px 120px\" data-600-768=\"50px 0 0\" data-480-600=\"50px 0 0\" data-480=\"50px 0 0\">\n\t<div class=\"mkdf-eh-item-inner\">\n\t\t<div class=\"mkdf-eh-item-content mkdf-eh-custom-623377\" style=\"padding: 0px 0px 148px\">\n\t\t\t[vc_row_inner row_content_width=&#8221;grid&#8221; css=&#8221;.vc_custom_1584039324666{margin-top: -5% !important;}&#8221;][vc_column_inner]<div class=\"mkdf-boxes mkdf-three-columns\" ><div class=\"mkdf-boxes-item mkdf-horizontal-alignment-center\" style=\"background-color: #4f6dcd\">\n        <div class=\"mkdf-boxes-item-inner\">\n        <div class=\"mkdf-boxes-item-content mkdf-boxes-custom-742819\" style=\"padding: 45px 10%\">\n            [vc_single_image image=&#8221;9902&#8243; img_size=&#8221;60&#215;60&#8243; alignment=&#8221;center&#8221;][vc_column_text]<\/p>\n<h5><span style=\"color: #ffffff;\">Patientenfragebogen\/ Anamnese<\/span><\/h5>\n<p>[\/vc_column_text][vc_column_text]<\/p>\n<p><span style=\"color: #ffffff;\">F\u00fcr eine Diagnoseerstellung ben\u00f6tigen wir einen ausgef\u00fcllten Anamnesefragebogen<\/span><\/p>\n<p>[\/vc_column_text][vc_empty_space height=&#8221;15px&#8221;]<a itemprop=\"url\" href=\"https:\/\/www.endoskopie.co.at\/hr\/istorija-bolesti\/\" target=\"_self\" style=\"color: #ffffff;background-color: #115a9b\" class=\"mkdf-btn mkdf-btn-large mkdf-btn-solid mkdf-btn-solid-dark mkdf-btn-custom-hover-bg mkdf-btn-custom-hover-color mkdf-btn-icon\" data-hover-color=\"#ffffff\" data-hover-bg-color=\"#0e3b7f\" >\n    <span class=\"mkdf-btn-text\">Istorija bolesti<\/span>\n    <span class=\"mkdf-btn-icon-holder\">\n        <span class=\"mkdf-btn-icon-normal\" style=\"background-color: #05458e\"><i class=\"mkdf-icon-ion-icon ion-chevron-right \" ><\/i><\/span>\n        <span class=\"mkdf-btn-icon-flip\" style=\"background-color: #05458e\"><i class=\"mkdf-icon-ion-icon ion-chevron-right \" ><\/i><\/span>\n    <\/span>\n<\/a>        <\/div>\n            <\/div>\n<\/div><div class=\"mkdf-boxes-item mkdf-horizontal-alignment-center\" style=\"background-color: #435ba1\">\n        <div class=\"mkdf-boxes-item-inner\">\n        <div class=\"mkdf-boxes-item-content mkdf-boxes-custom-148584\" style=\"padding: 45px 10%\">\n            [vc_single_image image=&#8221;9874&#8243; img_size=&#8221;60&#215;60&#8243; alignment=&#8221;center&#8221;][vc_column_text]<\/p>\n<h5><span style=\"color: #ffffff;\">+ 43 (0) 2252 43233<\/span><\/h5>\n<p>[\/vc_column_text][vc_column_text]<span style=\"color: #ffffff;\">So einfach k\u00f6nnen Sie mit uns Kontakt aufnehmen<\/span>[\/vc_column_text][vc_empty_space height=&#8221;15px&#8221;]<a itemprop=\"url\" href=\"tel:0043225243233\" target=\"_self\" style=\"color: #ffffff;background-color: #115a9b\" class=\"mkdf-btn mkdf-btn-large mkdf-btn-solid mkdf-btn-solid-dark mkdf-btn-custom-hover-bg mkdf-btn-custom-hover-color mkdf-btn-icon\" data-hover-color=\"#ffffff\" data-hover-bg-color=\"#0e3b7f\" >\n    <span class=\"mkdf-btn-text\">Poziv<\/span>\n    <span class=\"mkdf-btn-icon-holder\">\n        <span class=\"mkdf-btn-icon-normal\" style=\"background-color: #05458e\"><i class=\"mkdf-icon-ion-icon ion-chevron-right \" ><\/i><\/span>\n        <span class=\"mkdf-btn-icon-flip\" style=\"background-color: #05458e\"><i class=\"mkdf-icon-ion-icon ion-chevron-right \" ><\/i><\/span>\n    <\/span>\n<\/a>        <\/div>\n            <\/div>\n<\/div><div class=\"mkdf-boxes-item mkdf-horizontal-alignment-center\" style=\"background-color: #4f6dcd\">\n        <div class=\"mkdf-boxes-item-inner\">\n        <div class=\"mkdf-boxes-item-content mkdf-boxes-custom-916942\" style=\"padding: 45px 10%\">\n            [vc_single_image image=&#8221;9900&#8243; img_size=&#8221;60&#215;60&#8243; alignment=&#8221;center&#8221;][vc_column_text]<\/p>\n<h5><span style=\"color: #ffffff;\">Fokus auf Patienten<\/span><\/h5>\n<p>[\/vc_column_text][vc_column_text]<span style=\"color: #ffffff;\">Neueste Methoden der Untersuchungstechniken<\/span>[\/vc_column_text][vc_empty_space height=&#8221;15px&#8221;]<a itemprop=\"url\" href=\"https:\/\/www.endoskopie.co.at\/hr\/usluge\/\" target=\"_self\" style=\"color: #ffffff;background-color: #115a9b\" class=\"mkdf-btn mkdf-btn-large mkdf-btn-solid mkdf-btn-solid-dark mkdf-btn-custom-hover-bg mkdf-btn-custom-hover-color mkdf-btn-icon\" data-hover-color=\"#ffffff\" data-hover-bg-color=\"#0e3b7f\" >\n    <span class=\"mkdf-btn-text\">Usluge<\/span>\n    <span class=\"mkdf-btn-icon-holder\">\n        <span class=\"mkdf-btn-icon-normal\" style=\"background-color: #05458e\"><i class=\"mkdf-icon-ion-icon ion-chevron-right \" ><\/i><\/span>\n        <span class=\"mkdf-btn-icon-flip\" style=\"background-color: #05458e\"><i class=\"mkdf-icon-ion-icon ion-chevron-right \" ><\/i><\/span>\n    <\/span>\n<\/a>        <\/div>\n            <\/div>\n<\/div><\/div>[\/vc_column_inner][\/vc_row_inner]\t\t<\/div>\n\t<\/div>\n<\/div><\/div>[\/vc_column][\/vc_row][vc_row][vc_column][vc_empty_space height=&#8221;20px&#8221;][\/vc_column][\/vc_row][vc_row][vc_column]<div class=\"mkdf-elements-holder mkdf-one-column mkdf-responsive-mode-768\" ><div class=\"mkdf-eh-item \"  data-item-class=\"mkdf-eh-custom-181288\">\n\t<div class=\"mkdf-eh-item-inner\">\n\t\t<div class=\"mkdf-eh-item-content mkdf-eh-custom-181288\" >\n\t\t\t[vc_row_inner][vc_column_inner]<div class=\"mkdf-boxes mkdf-two-columns\" ><div class=\"mkdf-boxes-item mkdf-horizontal-alignment-right\" >\n        <div class=\"mkdf-boxes-item-inner\">\n        <div class=\"mkdf-boxes-item-content mkdf-boxes-custom-183038\" style=\"padding: 5px\">\n            [vc_single_image image=&#8221;9892&#8243; img_size=&#8221;large&#8221; alignment=&#8221;center&#8221;]        <\/div>\n            <\/div>\n<\/div><div class=\"mkdf-boxes-item \" >\n        <div class=\"mkdf-boxes-item-inner\">\n        <div class=\"mkdf-boxes-item-content mkdf-boxes-custom-536387\" style=\"padding: 0px 20px 0px 10px\">\n            [vc_empty_space height=&#8221;10px&#8221;]<div class=\"mkdf-section-title-holder mkdf-st-standard mkdf-st-title-left mkdf-st-normal-space \" >\n\t<div class=\"mkdf-st-inner\">\n\t\t\t\t\t<h2 class=\"mkdf-st-title\" >\n\t\t\t\t<span class=\"mkdf-st-title-light\">Sie<\/span> <span class=\"mkdf-st-title-light\">vertragen<\/span> <span class=\"mkdf-st-title-light\">vielleicht<\/span><br \/> <span class=\"mkdf-st-title-bold\">kein<\/span> <span class=\"mkdf-st-title-bold\">Obst<\/span> oder keine <span class=\"mkdf-st-title-bold\">Milchprodukte<\/span>\t\t\t<\/h2>\n\t\t\t\t\t\t\t<h4 class=\"mkdf-st-text\" >\n\t\t\t\tSie haben Symptome wie M\u00fcdigkeit, Bl\u00e4hungen, Durchfall, Verstopfung oder Konzentrationsst\u00f6rungen.\t\t\t<\/h4>\n\t\t\t<\/div>\n<\/div>[vc_column_text]Vor dem Test <strong>mindestens 14 Stunden n\u00fcchtern<\/strong> sein, in dieser Zeit ist nur Wasser erlaubt. <strong>Am Tag vor dem Test unbedingt Milch, Fruchts\u00e4fte und Schokolade g\u00e4nzlich meiden.<\/strong> 12 Stunden vor Testbeginn sollte nicht mehr geraucht werden und kein Kaugummi gekaut werden.[\/vc_column_text]        <\/div>\n            <\/div>\n<\/div><\/div>[\/vc_column_inner][\/vc_row_inner]\t\t<\/div>\n\t<\/div>\n<\/div><\/div>[\/vc_column][\/vc_row][vc_row][vc_column][vc_empty_space height=&#8221;50px&#8221;][\/vc_column][\/vc_row][vc_row][vc_column]<div class=\"mkdf-elements-holder mkdf-two-columns mkdf-responsive-mode-768 mkdf-one-column-alignment-right\" ><div class=\"mkdf-eh-item \"  data-item-class=\"mkdf-eh-custom-738382\">\n\t<div class=\"mkdf-eh-item-inner\">\n\t\t<div class=\"mkdf-eh-item-content mkdf-eh-custom-738382\" >\n\t\t\t[vc_row_inner content_text_aligment=&#8221;right&#8221;][vc_column_inner]<div class=\"mkdf-boxes mkdf-two-columns\" ><div class=\"mkdf-boxes-item mkdf-horizontal-alignment-right\" >\n        <div class=\"mkdf-boxes-item-inner\">\n        <div class=\"mkdf-boxes-item-content mkdf-boxes-custom-554231\" style=\"padding: 0px 10px 0px 20px\">\n            <div class=\"mkdf-section-title-holder mkdf-st-standard mkdf-st-title-left mkdf-st-normal-space \" >\n\t<div class=\"mkdf-st-inner\">\n\t\t\t\t\t<h2 class=\"mkdf-st-title\" >\n\t\t\t\t<span class=\"mkdf-st-title-light\">Colon<\/span> <span class=\"mkdf-st-title-light\">Hydro<\/span><br \/> <span class=\"mkdf-st-title-bold\">Therapie<\/span>\t\t\t<\/h2>\n\t\t\t\t\t\t\t<h4 class=\"mkdf-st-text\" >\n\t\t\t\t(= Dickdarmsp\u00fclungen)\t\t\t<\/h4>\n\t\t\t<\/div>\n<\/div>[vc_column_text]Energie, Reinheit &amp; Gelassenheit stehen f\u00fcr unser Wohlbefinden und unsere Lebensqualit\u00e4t.<br \/>\nDies alles wird sehr stark durch unseren Darm beeinflusst. Seine einwandfreie Funktion ist ausschlaggebend f\u00fcr das Gef\u00fchl der Leichtigkeit, f\u00fcr ein unbeschwertes Leben. Verdauungsprobleme aller Art (Verstopfung, Bl\u00e4hungen, etc.) k\u00f6nnen das k\u00f6rperliche und geistige Wohlbefinden stark negativ beeintr\u00e4chtigen.[\/vc_column_text][vc_empty_space height=&#8221;37px&#8221;]        <\/div>\n            <\/div>\n<\/div><div class=\"mkdf-boxes-item \" >\n        <div class=\"mkdf-boxes-item-inner\">\n        <div class=\"mkdf-boxes-item-content mkdf-boxes-custom-817199\" style=\"padding: 0\">\n            [vc_single_image image=&#8221;9895&#8243; img_size=&#8221;large&#8221; alignment=&#8221;center&#8221;]        <\/div>\n            <\/div>\n<\/div><\/div>[\/vc_column_inner][\/vc_row_inner]\t\t<\/div>\n\t<\/div>\n<\/div><\/div>[\/vc_column][\/vc_row][vc_row][vc_column][vc_empty_space height=&#8221;50px&#8221;][\/vc_column][\/vc_row][vc_row][vc_column offset=&#8221;vc_hidden-md vc_hidden-xs&#8221;][vc_empty_space height=&#8221;100px&#8221;][\/vc_column][\/vc_row][vc_row row_content_width=&#8221;grid&#8221; content_width=&#8221;grid&#8221;][vc_column]<div class=\"mkdf-elements-holder mkdf-one-column mkdf-responsive-mode-768\" ><div class=\"mkdf-eh-item \"  data-item-class=\"mkdf-eh-custom-683234\" data-768-1024=\"0px 15% 0px 0px\">\n\t<div class=\"mkdf-eh-item-inner\">\n\t\t<div class=\"mkdf-eh-item-content mkdf-eh-custom-683234\" >\n\t\t\t[vc_row_inner row_content_width=&#8221;grid&#8221;][vc_column_inner offset=&#8221;vc_col-lg-4&#8243;]<div class=\"mkdf-iwt clearfix mkdf-iwt-icon-left mkdf-iwt-icon-tiny\">\n\t<div class=\"mkdf-iwt-icon\" >\n\t\t\t\t\t<a itemprop=\"url\" href=\"https:\/\/www.endoskopie.co.at\/hr\/gastroskopija\/\" target=\"_self\">\n\t\t\t\t\t                <img decoding=\"async\" src=\"https:\/\/www.endoskopie.co.at\/wp-content\/uploads\/2020\/03\/Gastroskopie-icon-Endoskopie-Dr.-Gottfried-Steiner-1.png\" alt=\"Custom icon\" style=\"width:50px;height:50px;\"\/>\n\t\t\t\t\t\t\t\t<\/a>\n\t\t\t<\/div>\n\t<div class=\"mkdf-iwt-content\" >\n\t\t\t\t\t\t\t<h5 class=\"mkdf-iwt-title\" >\n\t\t\t\t\t\t\t\t\t<a itemprop=\"url\" href=\"https:\/\/www.endoskopie.co.at\/hr\/gastroskopija\/\" target=\"_self\">\n\t\t\t\t\t\t\t\t<span class=\"mkdf-iwt-title-text\">Gastroskopie<\/span>\n\t\t\t\t\t\t\t\t\t<\/a>\n\t\t\t\t\t\t\t<\/h5>\n\t\t\t\t\t\t\t<p class=\"mkdf-iwt-text\" >wird zur Fr\u00fcherkennung bei erh\u00f6htem Krebsrisiko durchgef\u00fchrt (Beispiele: Sodbrennen und Nahrungsmittelunvertr\u00e4glichkeit)<\/p>\n\t\t\t<\/div>\n<\/div>[vc_empty_space height=&#8221;50px&#8221;][\/vc_column_inner][vc_column_inner offset=&#8221;vc_col-lg-4&#8243;]<div class=\"mkdf-iwt clearfix mkdf-iwt-icon-left mkdf-iwt-icon-tiny\">\n\t<div class=\"mkdf-iwt-icon\" >\n\t\t\t\t\t<a itemprop=\"url\" href=\"https:\/\/www.endoskopie.co.at\/hr\/kolonoskopija\/\" target=\"_self\">\n\t\t\t\t\t                <img decoding=\"async\" src=\"https:\/\/www.endoskopie.co.at\/wp-content\/uploads\/2020\/03\/Koloskopie-icon-Endoskopie-Dr.-Gottfried-Steiner-1.png\" alt=\"Custom icon\" style=\"width:50px;height:50px;\"\/>\n\t\t\t\t\t\t\t\t<\/a>\n\t\t\t<\/div>\n\t<div class=\"mkdf-iwt-content\" >\n\t\t\t\t\t\t\t<h5 class=\"mkdf-iwt-title\" >\n\t\t\t\t\t\t\t\t\t<a itemprop=\"url\" href=\"https:\/\/www.endoskopie.co.at\/hr\/kolonoskopija\/\" target=\"_self\">\n\t\t\t\t\t\t\t\t<span class=\"mkdf-iwt-title-text\">Koloskopie<\/span>\n\t\t\t\t\t\t\t\t\t<\/a>\n\t\t\t\t\t\t\t<\/h5>\n\t\t\t\t\t\t\t<p class=\"mkdf-iwt-text\" >wird zur Fr\u00fcherkennung von Darmkrebs durchgef\u00fchrt (Darmkrebs ist die 2.h\u00e4ufigste Krebsart)<\/p>\n\t\t\t<\/div>\n<\/div>[vc_empty_space height=&#8221;50px&#8221;][\/vc_column_inner][vc_column_inner offset=&#8221;vc_col-lg-4&#8243;]<div class=\"mkdf-iwt clearfix mkdf-iwt-icon-left mkdf-iwt-icon-tiny\">\n\t<div class=\"mkdf-iwt-icon\" >\n\t\t\t\t\t<a itemprop=\"url\" href=\"https:\/\/www.endoskopie.co.at\/h2-atemtest\/\" target=\"_self\">\n\t\t\t\t\t                <img decoding=\"async\" src=\"https:\/\/www.endoskopie.co.at\/wp-content\/uploads\/2020\/03\/Atemtest-Endoskopie-Dr.-Gottfried-Steiner-1.png\" alt=\"Custom icon\" style=\"width:50px;height:50px;\"\/>\n\t\t\t\t\t\t\t\t<\/a>\n\t\t\t<\/div>\n\t<div class=\"mkdf-iwt-content\" >\n\t\t\t\t\t\t\t<h5 class=\"mkdf-iwt-title\" >\n\t\t\t\t\t\t\t\t\t<a itemprop=\"url\" href=\"https:\/\/www.endoskopie.co.at\/h2-atemtest\/\" target=\"_self\">\n\t\t\t\t\t\t\t\t<span class=\"mkdf-iwt-title-text\">Atemtest<\/span>\n\t\t\t\t\t\t\t\t\t<\/a>\n\t\t\t\t\t\t\t<\/h5>\n\t\t\t\t\t\t\t<p class=\"mkdf-iwt-text\" >Vorbereitung f\u00fcr den H2 Atemtest. LACTOSEINTOLERANZ oder FRUCTOSEINTOLERANZ<\/p>\n\t\t\t<\/div>\n<\/div>[vc_empty_space height=&#8221;50px&#8221;][\/vc_column_inner][\/vc_row_inner]\t\t<\/div>\n\t<\/div>\n<\/div><\/div>[\/vc_column][\/vc_row][vc_row row_content_width=&#8221;grid&#8221;][vc_column][vc_empty_space height=&#8221;80px&#8221;][\/vc_column][\/vc_row][vc_row row_content_width=&#8221;grid&#8221; css=&#8221;.vc_custom_1584043231979{padding-top: 50px !important;padding-bottom: 50px !important;}&#8221; simple_background_color=&#8221;#f4f4f4&#8243;][vc_column width=&#8221;1\/4&#8243; offset=&#8221;vc_hidden-md vc_hidden-sm vc_hidden-xs&#8221;][\/vc_column][vc_column offset=&#8221;vc_col-lg-4 vc_col-md-6 vc_col-xs-12&#8243; css=&#8221;.vc_custom_1584043214640{padding-top: 5% !important;padding-bottom: 5% !important;}&#8221;]<div class=\"mkdf-info-icon clearfix mkdf-icon-info-icon-medium\">\n\t<div class=\"mkdf-icon-info-icon\">\n\t\t\t\t\t\t\t\t\t    <span class=\"mkdf-icon-shortcode mkdf-normal mkdf-icon-medium\"  >\n                    <i class=\"mkdf-icon-ion-icon ion-help mkdf-icon-element\" style=\"\" ><\/i>            <\/span>\n\t\t\t\t\t\t<\/div>\n\t<div class=\"mkdf-info-icon-content\">\n\t\t\t<\/div>\n<\/div>[vc_column_text]<\/p>\n<h4><strong>WARUM<\/strong><\/h4>\n<p>[\/vc_column_text][vc_column_text]<span style=\"color: #66cc00;\"><strong>Weil<\/strong><\/span>\u00a0Endoskopie die Fr\u00fcherkennung von schweren Erkrangungen im Magen und Dickdarm erm\u00f6glicht.<\/p>\n<p><span style=\"color: #66cc00;\"><strong>Weil<\/strong><\/span>\u00a0die Endoskopie Gewissheit schaffen kann \u00fcber die Ursachen von Beschwerden.<\/p>\n<p><span style=\"color: #66cc00;\"><strong>Fr\u00fcherkennung<\/strong><\/span>\u00a0verringert die Belastung durch notwendige Behandlungen[\/vc_column_text][\/vc_column][vc_column offset=&#8221;vc_col-lg-4 vc_col-md-6 vc_col-xs-12&#8243; css=&#8221;.vc_custom_1584010524973{padding-top: 5% !important;padding-bottom: 5% !important;}&#8221;]<div class=\"mkdf-info-icon clearfix mkdf-icon-info-icon-medium\">\n\t<div class=\"mkdf-icon-info-icon\">\n\t\t\t\t\t\t\t\t\t    <span class=\"mkdf-icon-shortcode mkdf-normal mkdf-icon-medium\"  >\n                    <i class=\"mkdf-icon-ion-icon ion-clock mkdf-icon-element\" style=\"\" ><\/i>            <\/span>\n\t\t\t\t\t\t<\/div>\n\t<div class=\"mkdf-info-icon-content\">\n\t\t\t<\/div>\n<\/div>[vc_column_text]<\/p>\n<h4><strong>WANN<\/strong><\/h4>\n<p>[\/vc_column_text][vc_column_text]<\/p>\n<ul>\n<li>Bei Verwandetn mit Magen-\/darmkrebs<\/li>\n<li>Sodbrennen<\/li>\n<li>ungekl\u00e4rtem Husten<\/li>\n<li>Stuhlver\u00e4nderungen<\/li>\n<li>auf Anraten Ihres Vertrauensarztes<\/li>\n<li>abh\u00e4ngig vom Lebensalter<\/li>\n<\/ul>\n<p>[\/vc_column_text][\/vc_column][\/vc_row]<\/p>\n<\/div>","protected":false},"excerpt":{"rendered":"<p>[vc_row parallax_background_image=&#8221;10188&#8243;][vc_column][rev_slider_vc alias=&#8221;main-home&#8221;][\/vc_column][\/vc_row][vc_row][vc_column][vc_empty_space height=&#8221;20px&#8221;][\/vc_column][\/vc_row][vc_row][vc_column][\/vc_column][\/vc_row][vc_row][vc_column][vc_empty_space height=&#8221;50px&#8221;][\/vc_column][\/vc_row][vc_row][vc_column][\/vc_column][\/vc_row][vc_row][vc_column][vc_empty_space height=&#8221;50px&#8221;][\/vc_column][\/vc_row][vc_row][vc_column offset=&#8221;vc_hidden-md vc_hidden-xs&#8221;][vc_empty_space height=&#8221;100px&#8221;][\/vc_column][\/vc_row][vc_row row_content_width=&#8221;grid&#8221; content_width=&#8221;grid&#8221;][vc_column][\/vc_column][\/vc_row][vc_row row_content_width=&#8221;grid&#8221;][vc_column][vc_empty_space height=&#8221;80px&#8221;][\/vc_column][\/vc_row][vc_row row_content_width=&#8221;grid&#8221; css=&#8221;.vc_custom_1584043231979{padding-top: 50px !important;padding-bottom: 50px !important;}&#8221; simple_background_color=&#8221;#f4f4f4&#8243;][vc_column width=&#8221;1\/4&#8243; offset=&#8221;vc_hidden-md vc_hidden-sm vc_hidden-xs&#8221;][\/vc_column][vc_column offset=&#8221;vc_col-lg-4 vc_col-md-6 vc_col-xs-12&#8243; css=&#8221;.vc_custom_1584043214640{padding-top: 5% !important;padding-bottom: 5% !important;}&#8221;][vc_column_text] WARUM [\/vc_column_text][vc_column_text]Weil\u00a0Endoskopie die Fr\u00fcherkennung von schweren Erkrangungen im [&hellip;]<\/p>\n","protected":false},"author":3,"featured_media":0,"parent":0,"menu_order":0,"comment_status":"closed","ping_status":"closed","template":"full-width.php","meta":{"footnotes":""},"class_list":["post-9607","page","type-page","status-publish","hentry"],"yoast_head":"<!-- This site is optimized with the Yoast SEO plugin v27.3 - https:\/\/yoast.com\/product\/yoast-seo-wordpress\/ -->\n<title>Dr. Gottfried Steiner - Specijalist za kirurgiju - Facharzt f\u00fcr Chirurgie<\/title>\n<meta name=\"robots\" content=\"index, follow, max-snippet:-1, max-image-preview:large, max-video-preview:-1\" \/>\n<link rel=\"canonical\" href=\"https:\/\/www.endoskopie.co.at\/hr\/\" \/>\n<meta property=\"og:locale\" content=\"hr_HR\" \/>\n<meta property=\"og:type\" content=\"article\" \/>\n<meta property=\"og:title\" content=\"Dr. Gottfried Steiner - Specijalist za kirurgiju - Facharzt f\u00fcr Chirurgie\" \/>\n<meta property=\"og:description\" content=\"[vc_row parallax_background_image=&#8221;10188&#8243;][vc_column][rev_slider_vc alias=&#8221;main-home&#8221;][\/vc_column][\/vc_row][vc_row][vc_column][vc_empty_space height=&#8221;20px&#8221;][\/vc_column][\/vc_row][vc_row][vc_column][\/vc_column][\/vc_row][vc_row][vc_column][vc_empty_space height=&#8221;50px&#8221;][\/vc_column][\/vc_row][vc_row][vc_column][\/vc_column][\/vc_row][vc_row][vc_column][vc_empty_space height=&#8221;50px&#8221;][\/vc_column][\/vc_row][vc_row][vc_column offset=&#8221;vc_hidden-md vc_hidden-xs&#8221;][vc_empty_space height=&#8221;100px&#8221;][\/vc_column][\/vc_row][vc_row row_content_width=&#8221;grid&#8221; content_width=&#8221;grid&#8221;][vc_column][\/vc_column][\/vc_row][vc_row row_content_width=&#8221;grid&#8221;][vc_column][vc_empty_space height=&#8221;80px&#8221;][\/vc_column][\/vc_row][vc_row row_content_width=&#8221;grid&#8221; css=&#8221;.vc_custom_1584043231979{padding-top: 50px !important;padding-bottom: 50px !important;}&#8221; simple_background_color=&#8221;#f4f4f4&#8243;][vc_column width=&#8221;1\/4&#8243; offset=&#8221;vc_hidden-md vc_hidden-sm vc_hidden-xs&#8221;][\/vc_column][vc_column offset=&#8221;vc_col-lg-4 vc_col-md-6 vc_col-xs-12&#8243; css=&#8221;.vc_custom_1584043214640{padding-top: 5% !important;padding-bottom: 5% !important;}&#8221;][vc_column_text] WARUM [\/vc_column_text][vc_column_text]Weil\u00a0Endoskopie die Fr\u00fcherkennung von schweren Erkrangungen im [&hellip;]\" \/>\n<meta property=\"og:url\" content=\"https:\/\/www.endoskopie.co.at\/hr\/\" \/>\n<meta property=\"og:site_name\" content=\"Facharzt f\u00fcr Chirurgie\" \/>\n<meta property=\"article:modified_time\" content=\"2020-04-18T12:56:32+00:00\" \/>\n<meta name=\"twitter:card\" content=\"summary_large_image\" \/>\n<meta name=\"twitter:label1\" content=\"Procijenjeno vrijeme \u010ditanja\" \/>\n\t<meta name=\"twitter:data1\" content=\"6 minuta\" \/>\n<script type=\"application\/ld+json\" class=\"yoast-schema-graph\">{\"@context\":\"https:\\\/\\\/schema.org\",\"@graph\":[{\"@type\":\"WebPage\",\"@id\":\"https:\\\/\\\/www.endoskopie.co.at\\\/hr\\\/\",\"url\":\"https:\\\/\\\/www.endoskopie.co.at\\\/hr\\\/\",\"name\":\"Dr. Gottfried Steiner - Specijalist za kirurgiju - Facharzt f\u00fcr Chirurgie\",\"isPartOf\":{\"@id\":\"https:\\\/\\\/www.endoskopie.co.at\\\/#website\"},\"datePublished\":\"2020-02-24T15:52:14+00:00\",\"dateModified\":\"2020-04-18T12:56:32+00:00\",\"breadcrumb\":{\"@id\":\"https:\\\/\\\/www.endoskopie.co.at\\\/hr\\\/#breadcrumb\"},\"inLanguage\":\"hr\",\"potentialAction\":[{\"@type\":\"ReadAction\",\"target\":[\"https:\\\/\\\/www.endoskopie.co.at\\\/hr\\\/\"]}]},{\"@type\":\"BreadcrumbList\",\"@id\":\"https:\\\/\\\/www.endoskopie.co.at\\\/hr\\\/#breadcrumb\",\"itemListElement\":[{\"@type\":\"ListItem\",\"position\":1,\"name\":\"Startseite\",\"item\":\"https:\\\/\\\/www.endoskopie.co.at\\\/hr\\\/\"},{\"@type\":\"ListItem\",\"position\":2,\"name\":\"Dr. Gottfried Steiner &#8211; Specijalist za kirurgiju\"}]},{\"@type\":\"WebSite\",\"@id\":\"https:\\\/\\\/www.endoskopie.co.at\\\/#website\",\"url\":\"https:\\\/\\\/www.endoskopie.co.at\\\/\",\"name\":\"Facharzt f\u00fcr Chirurgie\",\"description\":\"Dr. Gottfried Steiner\",\"potentialAction\":[{\"@type\":\"SearchAction\",\"target\":{\"@type\":\"EntryPoint\",\"urlTemplate\":\"https:\\\/\\\/www.endoskopie.co.at\\\/?s={search_term_string}\"},\"query-input\":{\"@type\":\"PropertyValueSpecification\",\"valueRequired\":true,\"valueName\":\"search_term_string\"}}],\"inLanguage\":\"hr\"}]}<\/script>\n<!-- \/ Yoast SEO plugin. -->","yoast_head_json":{"title":"Dr. Gottfried Steiner - Specijalist za kirurgiju - Facharzt f\u00fcr Chirurgie","robots":{"index":"index","follow":"follow","max-snippet":"max-snippet:-1","max-image-preview":"max-image-preview:large","max-video-preview":"max-video-preview:-1"},"canonical":"https:\/\/www.endoskopie.co.at\/hr\/","og_locale":"hr_HR","og_type":"article","og_title":"Dr. Gottfried Steiner - Specijalist za kirurgiju - Facharzt f\u00fcr Chirurgie","og_description":"[vc_row parallax_background_image=&#8221;10188&#8243;][vc_column][rev_slider_vc alias=&#8221;main-home&#8221;][\/vc_column][\/vc_row][vc_row][vc_column][vc_empty_space height=&#8221;20px&#8221;][\/vc_column][\/vc_row][vc_row][vc_column][\/vc_column][\/vc_row][vc_row][vc_column][vc_empty_space height=&#8221;50px&#8221;][\/vc_column][\/vc_row][vc_row][vc_column][\/vc_column][\/vc_row][vc_row][vc_column][vc_empty_space height=&#8221;50px&#8221;][\/vc_column][\/vc_row][vc_row][vc_column offset=&#8221;vc_hidden-md vc_hidden-xs&#8221;][vc_empty_space height=&#8221;100px&#8221;][\/vc_column][\/vc_row][vc_row row_content_width=&#8221;grid&#8221; content_width=&#8221;grid&#8221;][vc_column][\/vc_column][\/vc_row][vc_row row_content_width=&#8221;grid&#8221;][vc_column][vc_empty_space height=&#8221;80px&#8221;][\/vc_column][\/vc_row][vc_row row_content_width=&#8221;grid&#8221; css=&#8221;.vc_custom_1584043231979{padding-top: 50px !important;padding-bottom: 50px !important;}&#8221; simple_background_color=&#8221;#f4f4f4&#8243;][vc_column width=&#8221;1\/4&#8243; offset=&#8221;vc_hidden-md vc_hidden-sm vc_hidden-xs&#8221;][\/vc_column][vc_column offset=&#8221;vc_col-lg-4 vc_col-md-6 vc_col-xs-12&#8243; css=&#8221;.vc_custom_1584043214640{padding-top: 5% !important;padding-bottom: 5% !important;}&#8221;][vc_column_text] WARUM [\/vc_column_text][vc_column_text]Weil\u00a0Endoskopie die Fr\u00fcherkennung von schweren Erkrangungen im [&hellip;]","og_url":"https:\/\/www.endoskopie.co.at\/hr\/","og_site_name":"Facharzt f\u00fcr Chirurgie","article_modified_time":"2020-04-18T12:56:32+00:00","twitter_card":"summary_large_image","twitter_misc":{"Procijenjeno vrijeme \u010ditanja":"6 minuta"},"schema":{"@context":"https:\/\/schema.org","@graph":[{"@type":"WebPage","@id":"https:\/\/www.endoskopie.co.at\/hr\/","url":"https:\/\/www.endoskopie.co.at\/hr\/","name":"Dr. Gottfried Steiner - Specijalist za kirurgiju - Facharzt f\u00fcr Chirurgie","isPartOf":{"@id":"https:\/\/www.endoskopie.co.at\/#website"},"datePublished":"2020-02-24T15:52:14+00:00","dateModified":"2020-04-18T12:56:32+00:00","breadcrumb":{"@id":"https:\/\/www.endoskopie.co.at\/hr\/#breadcrumb"},"inLanguage":"hr","potentialAction":[{"@type":"ReadAction","target":["https:\/\/www.endoskopie.co.at\/hr\/"]}]},{"@type":"BreadcrumbList","@id":"https:\/\/www.endoskopie.co.at\/hr\/#breadcrumb","itemListElement":[{"@type":"ListItem","position":1,"name":"Startseite","item":"https:\/\/www.endoskopie.co.at\/hr\/"},{"@type":"ListItem","position":2,"name":"Dr. Gottfried Steiner &#8211; Specijalist za kirurgiju"}]},{"@type":"WebSite","@id":"https:\/\/www.endoskopie.co.at\/#website","url":"https:\/\/www.endoskopie.co.at\/","name":"Facharzt f\u00fcr Chirurgie","description":"Dr. Gottfried Steiner","potentialAction":[{"@type":"SearchAction","target":{"@type":"EntryPoint","urlTemplate":"https:\/\/www.endoskopie.co.at\/?s={search_term_string}"},"query-input":{"@type":"PropertyValueSpecification","valueRequired":true,"valueName":"search_term_string"}}],"inLanguage":"hr"}]}},"_links":{"self":[{"href":"https:\/\/www.endoskopie.co.at\/hr\/wp-json\/wp\/v2\/pages\/9607","targetHints":{"allow":["GET"]}}],"collection":[{"href":"https:\/\/www.endoskopie.co.at\/hr\/wp-json\/wp\/v2\/pages"}],"about":[{"href":"https:\/\/www.endoskopie.co.at\/hr\/wp-json\/wp\/v2\/types\/page"}],"author":[{"embeddable":true,"href":"https:\/\/www.endoskopie.co.at\/hr\/wp-json\/wp\/v2\/users\/3"}],"replies":[{"embeddable":true,"href":"https:\/\/www.endoskopie.co.at\/hr\/wp-json\/wp\/v2\/comments?post=9607"}],"version-history":[{"count":0,"href":"https:\/\/www.endoskopie.co.at\/hr\/wp-json\/wp\/v2\/pages\/9607\/revisions"}],"wp:attachment":[{"href":"https:\/\/www.endoskopie.co.at\/hr\/wp-json\/wp\/v2\/media?parent=9607"}],"curies":[{"name":"wp","href":"https:\/\/api.w.org\/{rel}","templated":true}]}}