{"id":9663,"date":"2020-02-24T16:51:39","date_gmt":"2020-02-24T16:51:39","guid":{"rendered":"http:\/\/webseitecheck.de\/sr\/?page_id=9663"},"modified":"2020-03-18T15:58:32","modified_gmt":"2020-03-18T14:58:32","slug":"gastroskopija","status":"publish","type":"page","link":"https:\/\/www.endoskopie.co.at\/hr\/gastroskopija\/","title":{"rendered":"Gastroskopija"},"content":{"rendered":"<div class=\"wpb-content-wrapper\"><p>[vc_row][vc_column][vc_empty_space]<div class=\"mkdf-section-title-holder mkdf-st-standard mkdf-st-title-left mkdf-st-normal-space \" style=\"text-align: center\">\n\t<div class=\"mkdf-st-inner\">\n\t\t\t\t\t<h3 class=\"mkdf-st-title\" >\n\t\t\t\tWas ist die Gastroskopie (Magenspiegelung)?\t\t\t<\/h3>\n\t\t\t\t\t\t\t<h4 class=\"mkdf-st-text\" >\n\t\t\t\t\u00d6sophago-Gastro-Duodenoskopie (\u00d6GD)\t\t\t<\/h4>\n\t\t\t<\/div>\n<\/div>[vc_empty_space][vc_single_image image=&#8221;9845&#8243; img_size=&#8221;medium&#8221; alignment=&#8221;center&#8221;][vc_empty_space height=&#8221;50px&#8221;]<div class=\"mkdf-section-title-holder mkdf-st-standard mkdf-st-title-left mkdf-st-normal-space \" style=\"text-align: left\">\n\t<div class=\"mkdf-st-inner\">\n\t\t\t\t\t<h4 class=\"mkdf-st-title\" >\n\t\t\t\tLiebe Patienten,\t\t\t<\/h4>\n\t\t\t\t\t\t\t<h5 class=\"mkdf-st-text\" style=\"font-weight: 300;margin-top: 5px\">\n\t\t\t\tdie Endoskopie der Speiser\u00f6hre, des Magens und des Zw\u00f6lffingerdarms erlaubt es mir rechtzeitig pathologische Ver\u00e4nderungen festzustellen (wie z.B. Infektionen, Geschw\u00fcre, Krampfadern, Blutungen, Polypen und Tumore) und die f\u00fcr Sie wirksamsten therapeutischen Ma\u00dfnahmen ausw\u00e4hlen zu k\u00f6nnen. Vor der Untersuchung spreche ich mit Ihnen \u00fcber die Notwendigkeit und Umsetzung der vorgesehenen Ma\u00dfnahmen. Sie sollten sowohl \u00fcber die typischen Risiken und Folgen als auch \u00fcber alternative Behandlungsm\u00f6glichkeiten aufgekl\u00e4rt sein, um eine Entscheidung treffen zu k\u00f6nnen und der vorgeschlagene Endoskopie-Untersuchung zustimmen zu k\u00f6nnen.<br \/>\nDiese Information soll Ihnen dabei helfen sich auf dieses Gespr\u00e4ch vorzubereiten, indem sie die wichtigsten Punkte auff\u00fchrt.\t\t\t<\/h5>\n\t\t\t<\/div>\n<\/div>[\/vc_column][\/vc_row][vc_row][vc_column]<div class=\"mkdf-separator-holder clearfix  mkdf-separator-center mkdf-separator-full-width\">\n\t<div class=\"mkdf-separator\" style=\"border-color: #e0e0e0;border-style: solid;border-bottom-width: 1px;margin-top: 50px;margin-bottom: 50px\"><\/div>\n<\/div>\n[\/vc_column][\/vc_row][vc_row][vc_column]<div class=\"mkdf-tabs mkdf-tabs-standard\">\n\t<ul class=\"mkdf-tabs-nav clearfix\">\n\t\t\t\t\t<li>\n\t\t\t\t\t\t\t\t\t<a href=\"#tab-wie-wird-gespiegelt\">Wie wird gespiegelt?<\/a>\n\t\t\t\t\t\t\t<\/li>\n\t\t\t\t\t<li>\n\t\t\t\t\t\t\t\t\t<a href=\"#tab-gibt-es-andere-untersuchungsmoglichkeiten\">Gibt es andere Untersuchungsm\u00f6glichkeiten?<\/a>\n\t\t\t\t\t\t\t<\/li>\n\t\t\t\t\t<li>\n\t\t\t\t\t\t\t\t\t<a href=\"#tab-gibt-es-risiken\">Gibt es Risiken?<\/a>\n\t\t\t\t\t\t\t<\/li>\n\t\t\t\t\t<li>\n\t\t\t\t\t\t\t\t\t<a href=\"#tab-worauf-ist-zu-achten\">Worauf ist zu achten?<\/a>\n\t\t\t\t\t\t\t<\/li>\n\t\t\t\t\t<li>\n\t\t\t\t\t\t\t\t\t<a href=\"#tab-wichtige-fragen\">Wichtige Fragen<\/a>\n\t\t\t\t\t\t\t<\/li>\n\t\t\t<\/ul>\n\t<div class=\"mkdf-tab-container\" id=\"tab-wie-wird-gespiegelt-760\">[vc_column_text]Zur Spiegelung wird ein biegsames optisches Instrument (das Endoskop) durch die Mundh\u00f6hle in die Speiser\u00f6hre, den Magen bzw. den Zw\u00f6lffingerdarm vorgeschoben (siehe Abbildung). Durch Einblasen von Luft entfalten sie die Verdauungsorgane, so dass krankhafte Ver\u00e4nderungen besser erkannt werden k\u00f6nnen.<br \/>\nFalls erforderlich, lassen sich Gewebeproben mit einer kleinen Zange w\u00e4hrend der Spiegelung gewinnen. Die Gewebeentnahme ist schmerzfrei, dagegen kann die Spiegelung selbst als unangenehm empfunden werden. Bei Bedarf, oder falls Sie es w\u00fcnschen, wird Ihr Rachen \u00f6rtlich bet\u00e4ubt oder Sie erhalten eine Beruhigungsspritze.<br \/>\nSollten im Rahmen der Spiegelung Behandlungsma\u00dfnahmen (z.B. Verd\u00e4ung oder Unterbindung von Krampfadern der Speiser\u00f6hre, Entfernung von Polypen) vorgesehen sein, werden Sie dar\u00fcber gesondert aufgekl\u00e4rt.[\/vc_column_text]<\/div><div class=\"mkdf-tab-container\" id=\"tab-gibt-es-andere-untersuchungsmoglichkeiten-741\">[vc_column_text]Krankhafte Ver\u00e4nderungen des oberen Verdauungstraktes k\u00f6nnen auch durch eine R\u00f6ntgenuntersuchung mit Kontrastmittel sichtbar gemacht werden. Dieses Verfahren ist zwar weniger unangenehm, weist jedoch eine Belastung mit R\u00f6ntgenstrahlen auf. Im Gegensatz zur R\u00f6ntgenuntersuchung kann der Arzt den Verdauungstrakt mit dem Endoskop unter direkter Sicht begutachten und gleichzeitig Gewebeproben f\u00fcr feingewebliche Untersuchungen entnehmen.[\/vc_column_text]<\/div><div class=\"mkdf-tab-container\" id=\"tab-gibt-es-risiken-158\">[vc_column_text]Die Spiegelung des oberen Verdauungstraktes ist heutzutage ein risikoarmes Routineverfahren. Trotz gr\u00f6\u00dfter Sorgfalt kann es in seltenen F\u00e4llen dennoch zu Komplikationen kommen, die in Ausnahmef\u00e4llen auch im Verlauf lebensbedrohlich sein k\u00f6nnen. Das Risiko ist erh\u00f6ht bei besonderen k\u00f6rperlichen Verh\u00e4ltnissen (z.B. nach Voroperationen).<br \/>\nZu nennen sind:<\/p>\n<ul>\n<li><em>selten<\/em>: Verletzungen der Wand des Verdauungstrakt, des Kehlkopfs und der Luftr\u00f6hre durch das Endoskops bzw. Zusatzinstrumente oder durch das Einblasen von Luft. Leichte Blutungen, Schluckbeschwerden, Schmerzen und leichte Heiserkeit k\u00f6nnen die Folgen sein, die meist von selbst abklingen. Ein Durchbruch (Perforation), der in der Regel eine unverz\u00fcgliche Operation erforderlich machen kann, ebenso der Austritt von Wundbakterien in den Brust- oder Bauchraum mit der Folge einer Mittel-, Rippen- oder Bauchfellentz\u00fcndung (meist antibiotisch gut behandelbar), sind so selten, dass man keine statistischen Zahlen dazu nennen kann;<\/li>\n<li><em>Sehr selten<\/em>: Blutungen durch die Entnahme von Gewebeproben, die meist selbst\u00e4ndig zum Stillstand kommen. St\u00e4rkere Blutungen sind \u00e4u\u00dferst selten und k\u00f6nnen durch Einspritzung von blutstillenden Medikamenten \u00fcber das Endoskop sofort behandelt werden;<\/li>\n<li><em>Selten<\/em>: allergische Reaktionen (\u00dcberempfindlichkeit) auf eingespritzte Medikamente bzw. auf das Mittel zur Rachenbet\u00e4ubung, die sich z.B. als Brechreiz, Juckreiz oder Hautausschlag \u00e4u\u00dfern. Sie klingen in den meisten F\u00e4llen von selbst wieder ab und bed\u00fcrfen in der Regel keiner weiteren Behandlung;<\/li>\n<li><em>Selten<\/em>: beeintr\u00e4chtigte Atemfunktion bis hin zum Atemstillstand, sehr selten Herz-Kreislaufst\u00f6rungen, insbesondere bei der Gabe von Beruhigungsmitteln oder als schwere allergische Reaktion auf eingespritzte Medikamente bzw. Bet\u00e4ubungsmittel.<\/li>\n<\/ul>\n<p>Diese Reaktionen erfordern eine intensivmedizinische Behandlung und k\u00f6nnen unter Umst\u00e4nden lebensgef\u00e4hrlich sein. Es k\u00f6nnen dauerhafte gesundheitliche Sch\u00e4den auftreten, hervorgerufen durch eine mangelhafte Durchblutung der Organe (chronisches Nierenversagen, Gehirnschaden, Kr\u00e4mpfe) Die \u00dcberwachung w\u00e4hrend und auch nach der Untersuchung durch mich reduziert diese Gefahr jedoch erheblich; ggf. notwendig werdende Behandlungsma\u00dfnahmen k\u00f6nnen sofort eingeleitet werden;<\/p>\n<ul>\n<li>selten: Bakterien im Blut (Bakteri\u00e4mie), Blutvergiftung (Sepsis) oder Entz\u00fcndung der Herzinnenhaut (Endokarditis) verlangen eine intensivmedizinische Behandlung. Krankhafte Ver\u00e4nderungen des Gebisses, im Falle lockerer Z\u00e4hne, bei Sch\u00e4digungen der Haut und des Weichgewebes (Abszess durch eine Injektion, Absterben von Gewebezellen (Nekrose) und Nerven- und Venenreizungen) hervorgerufen durch Injektionen und \/oder die Sch\u00e4digungen bei der Lagerung des K\u00f6rpers im Verlauf der Untersuchung. Gew\u00f6hnlicherweise verschwinden die Beschwerden nach einer Zeit von selbst oder k\u00f6nnen behandelt werden. Schlimmsten Falles k\u00f6nnen chronische Beschwerden entstehen (Narben, schmerzhafte L\u00e4hmungen, Taubheit).<\/li>\n<\/ul>\n<p>\u00dcber Risiken und m\u00f6gliche Komplikationen in Ihrem speziellen Fall kl\u00e4re ich sie im Gespr\u00e4ch vorher auf.[\/vc_column_text]<\/div><div class=\"mkdf-tab-container\" id=\"tab-worauf-ist-zu-achten-46\">[vc_column_text]<strong>Vorbereitung vor der Spiegelung:<\/strong><br \/>\nUm den oberen Verdauungstrakt genau beurteilen zu k\u00f6nnen, muss dieser frei von Speiseresten sein. Daher sollten Sie am Untersuchungstag n\u00fcchtern sein, d h. mindestens 5 Stunden vor der Untersuchung weder Getr\u00e4nke noch Speisen zu sich genommen haben. Regelm\u00e4\u00dfig ben\u00f6tigte Medikamente sollten nur nach Absprache (z.B. Dosisanpassung des Insulins bei Diabetikern) eingenommen werden. Falls nicht anders angeordnet, sollten Medikamente, wie z.B. Aspirin, mindestens 3 Tage vor der Untersuchung abgesetzt werden. Falls Sie andere blutgerinnungshemmende Medikamente (z.B. Marcumar) einnehmen, teilen Sie mir dies bitte mit.<\/p>\n<p><strong>Nach der Untersuchung:<\/strong><br \/>\nLeichter Brechreiz, Missempfindungen im Rachenraum (z.B. brennendes Gef\u00fchl), schmerzhafte Bl\u00e4hungen durch verbliebene Luft im Magen und Zw\u00f6lffingerdarm sind meist harmlos und verschwinden von selbst nach kurzer Zeit.<br \/>\nFalls Sie eine Rachenbet\u00e4ubung oder Beruhigungsspritze erhalten haben, d\u00fcrfen Sie mindestens 1 Stunde nach der Spiegelung nichts essen und trinken. Hinsichtlich der sp\u00e4teren Nahrungsaufnahme und anderer Verhaltensregeln, z.B. (Wieder-)Einnahme von Medikamenten, insbesondere blutgerinnungshemmende Mittel, halten Sie sich unbedingt an die Empfehlungen des behandelnden Arztes.<br \/>\nNach einer Beruhigungs- und\/oder Schmerzspritze d\u00fcrfen Sie 24 Stunden lang nicht aktiv am Stra\u00dfenverkehr teilnehmen, keine wichtigen Entscheidungen treffen und nicht an gef\u00e4hrlichen Maschinen arbeiten.<br \/>\nBei ambulanter Spiegelung lassen Sie sich bitte abholen und fragen Sie, ob zu Hause f\u00fcr eine bestimmte Zeit eine Aufsichtsperson erforderlich ist.<br \/>\nTreten Schmerzen oder andere Befindlichkeitsst\u00f6rungen (z.B. Schwindel, \u00dcbelkeit, Bluterbrechen, Blutabgang \u00fcber den After) auf, informieren Sie mich bitte unverz\u00fcglich, die Notaufnahme der Klinik oder auch Ihren Hausarzt.<br \/>\nDurch die Spiegelung und die feingewebliche Untersuchung der ggf. gewonnenen Gewebeproben, lassen sich krankhafte Ver\u00e4nderungen des oberen Verdauungstraktes mit hoher Sicherheit erkennen. Abh\u00e4ngig vom Befund k\u00f6nnen jedoch Kontrolluntersuchungen notwendig sein. Dar\u00fcber werden wir Sie und\/oder Ihrer weiterbehandelnden Arzt informieren. Fragen zum Aufkl\u00e4rungsgespr\u00e4ch? Im Aufkl\u00e4rungsgespr\u00e4ch sollten Sie nach allem fragen, was Ihnen wichtig oder noch unklar erscheint. Hier haben Sie die M\u00f6glichkeit Ihre Fragen zu notieren, damit Sie diese w\u00e4hrend des Gespr\u00e4ches nicht vergessen.[\/vc_column_text]<\/div><div class=\"mkdf-tab-container\" id=\"tab-wichtige-fragen-911\">[vc_column_text]die Sie sorgf\u00e4ltig beantworten sollten, um Gefahrenquellen rechtzeitig erkennen und in Ihrem Fall spezielle Risiken besser absch\u00e4tzen zu k\u00f6nnen.<\/p>\n<ol>\n<li>Besteht eine Bluterkrankung\/ erh\u00f6hte Blutungsneigung (z.B. h\u00e4ufiges Nasenbluten, Neigung zu Bluterg\u00fcssen oder blauen Flecken)?<\/li>\n<li>Nehmen Sie Medikamente zur Blutverd\u00fcnnung (z.B. Marcumar, Aspirin, Heparin) ein?<\/li>\n<li>Besteht eine Allergie\/\u00dcberempfindlichkeitsreaktion (z.B. Asthma, Heuschnupfen oder gegen Medikamente, Pflaster, Latex, Nahrungsmittel, \u00f6rtliche Bet\u00e4ubungsmittel)?<\/li>\n<li>Besteht eine Herz-, Kreislauf- oder Lungenerkrankung (z.B. Herzklappenerkrankung, Bluthochdruck oder Bronchialasthma)?<\/li>\n<li>Besteht eine akute\/chronische Infektionskrankheit (z.B. Hepatitis, AIDS) oder ein anderes schwerwiegendes Leiden (z.B. gr\u00fcner Star, Epilepsie, L\u00e4hmungen)?<\/li>\n<li>Sind St\u00f6rungen des Stoffwechsels (z.B. Diabetes, \u00dcber-\/Unterfunktion der Schilddr\u00fcse) bekannt?<\/li>\n<li>Wurden Sie schon einmal am oberen Verdauungstrakt operiert?<\/li>\n<li>Haben Sie lockere Z\u00e4hne, Zahnkrankheit (z.B. Karies, Parodontose) oder tragen Sie Zahnersatz (z.B. Stiftz\u00e4hne, Jacketkronen, Zahnbr\u00fccken, herausnehmbare Prothesen)?<\/li>\n<\/ol>\n<p>[\/vc_column_text]<\/div><\/div>[\/vc_column][\/vc_row][vc_row][vc_column][vc_empty_space height=&#8221;50px&#8221;][\/vc_column][\/vc_row]<\/p>\n<\/div>","protected":false},"excerpt":{"rendered":"<p>[vc_row][vc_column][vc_empty_space][vc_empty_space][vc_single_image image=&#8221;9845&#8243; img_size=&#8221;medium&#8221; alignment=&#8221;center&#8221;][vc_empty_space height=&#8221;50px&#8221;][\/vc_column][\/vc_row][vc_row][vc_column][\/vc_column][\/vc_row][vc_row][vc_column][\/vc_column][\/vc_row][vc_row][vc_column][vc_empty_space height=&#8221;50px&#8221;][\/vc_column][\/vc_row]<\/p>\n","protected":false},"author":3,"featured_media":0,"parent":0,"menu_order":0,"comment_status":"closed","ping_status":"closed","template":"","meta":{"footnotes":""},"class_list":["post-9663","page","type-page","status-publish","hentry"],"yoast_head":"<!-- This site is optimized with the Yoast SEO plugin v27.5 - https:\/\/yoast.com\/product\/yoast-seo-wordpress\/ -->\n<title>Gastroskopija - Facharzt f\u00fcr Chirurgie<\/title>\n<meta name=\"robots\" content=\"index, follow, max-snippet:-1, max-image-preview:large, max-video-preview:-1\" \/>\n<link rel=\"canonical\" href=\"https:\/\/www.endoskopie.co.at\/hr\/gastroskopija\/\" \/>\n<meta property=\"og:locale\" content=\"hr_HR\" \/>\n<meta property=\"og:type\" content=\"article\" \/>\n<meta property=\"og:title\" content=\"Gastroskopija - Facharzt f\u00fcr Chirurgie\" \/>\n<meta property=\"og:description\" content=\"[vc_row][vc_column][vc_empty_space][vc_empty_space][vc_single_image image=&#8221;9845&#8243; img_size=&#8221;medium&#8221; alignment=&#8221;center&#8221;][vc_empty_space height=&#8221;50px&#8221;][\/vc_column][\/vc_row][vc_row][vc_column][\/vc_column][\/vc_row][vc_row][vc_column][\/vc_column][\/vc_row][vc_row][vc_column][vc_empty_space height=&#8221;50px&#8221;][\/vc_column][\/vc_row]\" \/>\n<meta property=\"og:url\" content=\"https:\/\/www.endoskopie.co.at\/hr\/gastroskopija\/\" \/>\n<meta property=\"og:site_name\" content=\"Facharzt f\u00fcr Chirurgie\" \/>\n<meta property=\"article:modified_time\" content=\"2020-03-18T14:58:32+00:00\" \/>\n<meta name=\"twitter:card\" content=\"summary_large_image\" \/>\n<meta name=\"twitter:label1\" content=\"Procijenjeno vrijeme \u010ditanja\" \/>\n\t<meta name=\"twitter:data1\" content=\"7 minuta\" \/>\n<script type=\"application\/ld+json\" class=\"yoast-schema-graph\">{\"@context\":\"https:\\\/\\\/schema.org\",\"@graph\":[{\"@type\":\"WebPage\",\"@id\":\"https:\\\/\\\/www.endoskopie.co.at\\\/hr\\\/gastroskopija\\\/\",\"url\":\"https:\\\/\\\/www.endoskopie.co.at\\\/hr\\\/gastroskopija\\\/\",\"name\":\"Gastroskopija - Facharzt f\u00fcr Chirurgie\",\"isPartOf\":{\"@id\":\"https:\\\/\\\/www.endoskopie.co.at\\\/#website\"},\"datePublished\":\"2020-02-24T16:51:39+00:00\",\"dateModified\":\"2020-03-18T14:58:32+00:00\",\"breadcrumb\":{\"@id\":\"https:\\\/\\\/www.endoskopie.co.at\\\/hr\\\/gastroskopija\\\/#breadcrumb\"},\"inLanguage\":\"hr\",\"potentialAction\":[{\"@type\":\"ReadAction\",\"target\":[\"https:\\\/\\\/www.endoskopie.co.at\\\/hr\\\/gastroskopija\\\/\"]}]},{\"@type\":\"BreadcrumbList\",\"@id\":\"https:\\\/\\\/www.endoskopie.co.at\\\/hr\\\/gastroskopija\\\/#breadcrumb\",\"itemListElement\":[{\"@type\":\"ListItem\",\"position\":1,\"name\":\"Startseite\",\"item\":\"https:\\\/\\\/www.endoskopie.co.at\\\/hr\\\/\"},{\"@type\":\"ListItem\",\"position\":2,\"name\":\"Gastroskopija\"}]},{\"@type\":\"WebSite\",\"@id\":\"https:\\\/\\\/www.endoskopie.co.at\\\/#website\",\"url\":\"https:\\\/\\\/www.endoskopie.co.at\\\/\",\"name\":\"Facharzt f\u00fcr Chirurgie\",\"description\":\"Dr. Gottfried Steiner\",\"potentialAction\":[{\"@type\":\"SearchAction\",\"target\":{\"@type\":\"EntryPoint\",\"urlTemplate\":\"https:\\\/\\\/www.endoskopie.co.at\\\/?s={search_term_string}\"},\"query-input\":{\"@type\":\"PropertyValueSpecification\",\"valueRequired\":true,\"valueName\":\"search_term_string\"}}],\"inLanguage\":\"hr\"}]}<\/script>\n<!-- \/ Yoast SEO plugin. -->","yoast_head_json":{"title":"Gastroskopija - Facharzt f\u00fcr Chirurgie","robots":{"index":"index","follow":"follow","max-snippet":"max-snippet:-1","max-image-preview":"max-image-preview:large","max-video-preview":"max-video-preview:-1"},"canonical":"https:\/\/www.endoskopie.co.at\/hr\/gastroskopija\/","og_locale":"hr_HR","og_type":"article","og_title":"Gastroskopija - Facharzt f\u00fcr Chirurgie","og_description":"[vc_row][vc_column][vc_empty_space][vc_empty_space][vc_single_image image=&#8221;9845&#8243; img_size=&#8221;medium&#8221; alignment=&#8221;center&#8221;][vc_empty_space height=&#8221;50px&#8221;][\/vc_column][\/vc_row][vc_row][vc_column][\/vc_column][\/vc_row][vc_row][vc_column][\/vc_column][\/vc_row][vc_row][vc_column][vc_empty_space height=&#8221;50px&#8221;][\/vc_column][\/vc_row]","og_url":"https:\/\/www.endoskopie.co.at\/hr\/gastroskopija\/","og_site_name":"Facharzt f\u00fcr Chirurgie","article_modified_time":"2020-03-18T14:58:32+00:00","twitter_card":"summary_large_image","twitter_misc":{"Procijenjeno vrijeme \u010ditanja":"7 minuta"},"schema":{"@context":"https:\/\/schema.org","@graph":[{"@type":"WebPage","@id":"https:\/\/www.endoskopie.co.at\/hr\/gastroskopija\/","url":"https:\/\/www.endoskopie.co.at\/hr\/gastroskopija\/","name":"Gastroskopija - Facharzt f\u00fcr Chirurgie","isPartOf":{"@id":"https:\/\/www.endoskopie.co.at\/#website"},"datePublished":"2020-02-24T16:51:39+00:00","dateModified":"2020-03-18T14:58:32+00:00","breadcrumb":{"@id":"https:\/\/www.endoskopie.co.at\/hr\/gastroskopija\/#breadcrumb"},"inLanguage":"hr","potentialAction":[{"@type":"ReadAction","target":["https:\/\/www.endoskopie.co.at\/hr\/gastroskopija\/"]}]},{"@type":"BreadcrumbList","@id":"https:\/\/www.endoskopie.co.at\/hr\/gastroskopija\/#breadcrumb","itemListElement":[{"@type":"ListItem","position":1,"name":"Startseite","item":"https:\/\/www.endoskopie.co.at\/hr\/"},{"@type":"ListItem","position":2,"name":"Gastroskopija"}]},{"@type":"WebSite","@id":"https:\/\/www.endoskopie.co.at\/#website","url":"https:\/\/www.endoskopie.co.at\/","name":"Facharzt f\u00fcr Chirurgie","description":"Dr. Gottfried Steiner","potentialAction":[{"@type":"SearchAction","target":{"@type":"EntryPoint","urlTemplate":"https:\/\/www.endoskopie.co.at\/?s={search_term_string}"},"query-input":{"@type":"PropertyValueSpecification","valueRequired":true,"valueName":"search_term_string"}}],"inLanguage":"hr"}]}},"_links":{"self":[{"href":"https:\/\/www.endoskopie.co.at\/hr\/wp-json\/wp\/v2\/pages\/9663","targetHints":{"allow":["GET"]}}],"collection":[{"href":"https:\/\/www.endoskopie.co.at\/hr\/wp-json\/wp\/v2\/pages"}],"about":[{"href":"https:\/\/www.endoskopie.co.at\/hr\/wp-json\/wp\/v2\/types\/page"}],"author":[{"embeddable":true,"href":"https:\/\/www.endoskopie.co.at\/hr\/wp-json\/wp\/v2\/users\/3"}],"replies":[{"embeddable":true,"href":"https:\/\/www.endoskopie.co.at\/hr\/wp-json\/wp\/v2\/comments?post=9663"}],"version-history":[{"count":0,"href":"https:\/\/www.endoskopie.co.at\/hr\/wp-json\/wp\/v2\/pages\/9663\/revisions"}],"wp:attachment":[{"href":"https:\/\/www.endoskopie.co.at\/hr\/wp-json\/wp\/v2\/media?parent=9663"}],"curies":[{"name":"wp","href":"https:\/\/api.w.org\/{rel}","templated":true}]}}