{"id":9666,"date":"2020-02-24T16:53:03","date_gmt":"2020-02-24T16:53:03","guid":{"rendered":"http:\/\/webseitecheck.de\/sr\/?page_id=9666"},"modified":"2020-03-18T15:59:06","modified_gmt":"2020-03-18T14:59:06","slug":"kolonoskopija","status":"publish","type":"page","link":"https:\/\/www.endoskopie.co.at\/hr\/kolonoskopija\/","title":{"rendered":"Kolonoskopija"},"content":{"rendered":"<div class=\"wpb-content-wrapper\"><p>[vc_row][vc_column][vc_empty_space]<div class=\"mkdf-section-title-holder mkdf-st-standard mkdf-st-title-left mkdf-st-normal-space \" style=\"text-align: center\">\n\t<div class=\"mkdf-st-inner\">\n\t\t\t\t\t<h3 class=\"mkdf-st-title\" >\n\t\t\t\tWas ist die Koloskopie?\t\t\t<\/h3>\n\t\t\t\t\t<\/div>\n<\/div>[vc_empty_space][vc_single_image image=&#8221;9848&#8243; img_size=&#8221;medium&#8221; alignment=&#8221;center&#8221;][vc_empty_space height=&#8221;50px&#8221;]<div class=\"mkdf-section-title-holder mkdf-st-standard mkdf-st-title-left mkdf-st-normal-space \" style=\"text-align: left\">\n\t<div class=\"mkdf-st-inner\">\n\t\t\t\t\t<h4 class=\"mkdf-st-title\" >\n\t\t\t\tLiebe Patienten,\t\t\t<\/h4>\n\t\t\t\t\t\t\t<h5 class=\"mkdf-st-text\" style=\"font-weight: 300;margin-top: 5px\">\n\t\t\t\tdie Spiegelung des Dickdarms erm\u00f6glicht es, die Ursache Ihrer Beschwerden genauer feststellen, krankhafte Ver\u00e4nderungen im Darm (z.B. Entz\u00fcndungen wie Geschw\u00fcre oder Crohn\u2019sche Erkrankung, Blutungsquellen, Polypen oder Tumoren) m\u00f6glichst fr\u00fch erkennen und die f\u00fcr Sie effektivste Behandlungsma\u00dfnahme w\u00e4hlen zu k\u00f6nnen. Vor der Untersuchung werde ich mit Ihnen \u00fcber die Notwendigkeit und Durchf\u00fchrung der geplanten Ma\u00dfnahme sprechen. Sie m\u00fcssen typische Risiken und Folgen sowie alternative Untersuchungsmethoden kennen, damit Sie sich entscheiden und in die Ihnen vorgeschlagenen Koloskopie einwilligen k\u00f6nnen. Diese Information soll helfen, das Gespr\u00e4ch vorzubereiten und die wichtigsten Punkte zu dokumentieren.\t\t\t<\/h5>\n\t\t\t<\/div>\n<\/div>[\/vc_column][\/vc_row][vc_row][vc_column]<div class=\"mkdf-separator-holder clearfix  mkdf-separator-center mkdf-separator-full-width\">\n\t<div class=\"mkdf-separator\" style=\"border-color: #e0e0e0;border-style: solid;border-bottom-width: 1px;margin-top: 50px;margin-bottom: 50px\"><\/div>\n<\/div>\n[\/vc_column][\/vc_row][vc_row][vc_column]<div class=\"mkdf-tabs mkdf-tabs-standard\">\n\t<ul class=\"mkdf-tabs-nav clearfix\">\n\t\t\t\t\t<li>\n\t\t\t\t\t\t\t\t\t<a href=\"#tab-wie-wird-gespiegelt\">Wie wird gespiegelt?<\/a>\n\t\t\t\t\t\t\t<\/li>\n\t\t\t\t\t<li>\n\t\t\t\t\t\t\t\t\t<a href=\"#tab-gibt-es-alternativmethoden\">Gibt es Alternativmethoden?<\/a>\n\t\t\t\t\t\t\t<\/li>\n\t\t\t\t\t<li>\n\t\t\t\t\t\t\t\t\t<a href=\"#tab-gibt-es-risiken\">Gibt es Risiken?<\/a>\n\t\t\t\t\t\t\t<\/li>\n\t\t\t\t\t<li>\n\t\t\t\t\t\t\t\t\t<a href=\"#tab-worauf-ist-zu-achten\">Worauf ist zu achten?<\/a>\n\t\t\t\t\t\t\t<\/li>\n\t\t\t\t\t<li>\n\t\t\t\t\t\t\t\t\t<a href=\"#tab-wichtige-fragen\">Wichtige Fragen<\/a>\n\t\t\t\t\t\t\t<\/li>\n\t\t\t<\/ul>\n\t<div class=\"mkdf-tab-container\" id=\"tab-wie-wird-gespiegelt-459\">[vc_column_text]Zur Spiegelung wird ein biegsames optisches Instrument (das Endoskop) vom After aus in den Dickdarm bis zur M\u00fcndung des D\u00fcnndarms, in bestimmten F\u00e4llen, bin in den unteren D\u00fcnndarmabschnitt vorgeschoben. Durch Einblasen von Luft entfaltet sich der Darm, so dass krankhafte Ver\u00e4nderungen besser erkannt werden k\u00f6nnen. In seltenen F\u00e4llen kann es notwendig sein die Position des Endoskops mittels einer R\u00f6ntgenaufnahme zu kontrollieren.<br \/>\nFalls erforderlich, lassen sich Gewebeproben mit einer kleinen Zange w\u00e4hrend der Spiegelung gewinnen. Die Gewebeentnahme ist schmerzfrei, kann aber als unangenehm empfunden werden. Bei Bedarf, oder falls Sie es w\u00fcnschen, kann ein lokales Bet\u00e4ubungsmittel angewandt werden.<br \/>\nSollten im Rahmen der Spiegelung Behandlungsma\u00dfnahmen (z.B. Entfernung von Polypen) vorgesehen sein, werden Sie dar\u00fcber gesondert aufgekl\u00e4rt.[\/vc_column_text]<\/div><div class=\"mkdf-tab-container\" id=\"tab-gibt-es-alternativmethoden-658\">[vc_column_text]Krankhafte Ver\u00e4nderungen des Dickdarms k\u00f6nnen auch durch R\u00f6ntgenuntersuchung mit Kontrastmittel und Computertomographie sichtbar gemacht werden. Diese Verfahren sind zwar weniger unangenehm, weisen jedoch eine Belastung mit R\u00f6ntgenstrahlen auf und sind nicht so genau wie eine Spiegelung. Mit dem Endoskop aber kann der Arzt den Dickdarm unter direkter Sicht begutachten und gleichzeitig Gewebeproben f\u00fcr die feingeweblichen Untersuchungen entnehmen.[\/vc_column_text]<\/div><div class=\"mkdf-tab-container\" id=\"tab-gibt-es-risiken-948\">[vc_column_text]Die Dickdarmspiegelung ist heutzutage ein risikoarmes Routineverfahren. Trotz gr\u00f6\u00dfter Sorgfalt kann es in seltenen F\u00e4llen dennoch zu Komplikationen kommen, die in Ausnahmef\u00e4llen auch im Verlauf lebensbedrohlich sein k\u00f6nnen. Das Risiko ist erh\u00f6ht bei besonderen k\u00f6rperlichen Verh\u00e4ltnissen (z.B. nach fr\u00fcheren Operationen).<\/p>\n<p>Zu nennen sind:<\/p>\n<ul>\n<li><em>selten<\/em>:Verletzungen der Darmwand durch das Endoskop, die Zusatzinstrumente oder das Einblasen von Luft. Leichte Blutungen und Schmerzen k\u00f6nnen die Folgen sein, die meist von selbst zum Stillstand kommen bzw. abklingen. Ein Darmdurchbruch (Perforation), der in der Regel eine unverz\u00fcgliche Operation erforderlich machen kann, ebenso Austritt von Darmbakterien in den Bauchraum mit der Folge einer Bauchfellentz\u00fcndung (meist antibiotisch gut behandelbar), sind so selten, dass man keine statistischen Zahlen dazu nennen kann;<\/li>\n<li><em>Sehr selten<\/em>: Blutungen durch die Entnahme von Gewebeproben, die meist selbst\u00e4ndig zum Stillstand kommen. St\u00e4rkere Blutungen sind \u00e4u\u00dferst selten und k\u00f6nnen durch Einspritzung von blutstillenden Medikamenten \u00fcber das Endoskop sofort behandelt werden.<\/li>\n<li><em>Selten<\/em>: allergische Reaktionen (\u00dcberempfindlichkeit) auf eingespritzte Medikamente bzw. auf das Mittel zur Rachenbet\u00e4ubung, die sich z.B. als Brechreiz, Juckreiz oder Hautausschlag \u00e4u\u00dfern. Sie klingen in den meisten F\u00e4llen von selbst wieder ab und bed\u00fcrfen in der Regel keiner weiteren Behandlung;<\/li>\n<li><em>Selten<\/em>: allergische Reaktionen (\u00dcberempfindlichkeit) auf eingespritzte Medikamente oder dem Bet\u00e4ubungsmittel f\u00fcr den Rachen, die sich z.B. als Brechreiz, Juckreiz oder Hautausschlag \u00e4u\u00dfern. Sie klingen meist von selbst wieder ab und bed\u00fcrfen in der Regel keiner weiteren Behandlung; selten beeintr\u00e4chtigte Atemfunktion bis hin zum Atemstillstand, sehr selten Herz-Kreislaufst\u00f6rungen, insbesondere bei der Gabe von Beruhigungs\/Schmerzmitteln oder als schwere allergische Reaktion auf eingespritzte Medikamente oder Bet\u00e4ubungsmittel. Diese Komplikationen erfordern eine intensivmedizinische Behandlung und k\u00f6nnen f\u00fcr den Betroffenen lebensbedrohlich sein. Es k\u00f6nnen dauerhafte gesundheitliche Sch\u00e4den auftreten, hervorgerufen durch eine mangelhafte Durchblutung der Organe (chronisches Nierenversagen, Gehirnschaden, Kr\u00e4mpfe) Die \u00dcberwachung w\u00e4hrend und auch nach der Untersuchung durch mich reduziert diese Gefahr jedoch erheblich; ggf. notwendig werdende Behandlungsma\u00dfnahmen k\u00f6nnen sofort eingeleitet werden;<\/li>\n<li><em>selten<\/em>: Bakterien im Blut (Bakteri\u00e4mie), Blutvergiftung (Sepsis) oder Entz\u00fcndung der Herzinnenhaut (Endokarditis) verlangen eine intensivmedizinische Behandlung. Krankhafte Ver\u00e4nderungen des Gebisses, im Falle lockerer Z\u00e4hne, bei Sch\u00e4digungen der Haut und des Weichgewebes (Abszess durch eine Injektion, Absterben von Gewebezellen (Nekrose) und Nerven- und Venenreizungen) hervorgerufen durch Injektionen und \/oder die Sch\u00e4digungen bei der Lagerung des K\u00f6rpers im Verlauf der Untersuchung. Gew\u00f6hnlicherweise verschwinden die Beschwerden nach einer Zeit von selbst oder k\u00f6nnen behandelt werden. Schlimmsten Falles k\u00f6nnen chronische Beschwerden entstehen (Narben, schmerzhafte L\u00e4hmungen, Taubheit).<\/li>\n<\/ul>\n<ul>\n<li>selten: Bakterien im Blut (Bakteri\u00e4mie), Blutvergiftung (Sepsis) oder Entz\u00fcndung der Herzinnenhaut (Endokarditis) verlangen eine intensivmedizinische Behandlung. Krankhafte Ver\u00e4nderungen des Gebisses, im Falle lockerer Z\u00e4hne, bei Sch\u00e4digungen der Haut und des Weichgewebes (Abszess durch eine Injektion, Absterben von Gewebezellen (Nekrose) und Nerven- und Venenreizungen) hervorgerufen durch Injektionen und \/oder die Sch\u00e4digungen bei der Lagerung des K\u00f6rpers im Verlauf der Untersuchung. Gew\u00f6hnlicherweise verschwinden die Beschwerden nach einer Zeit von selbst oder k\u00f6nnen behandelt werden. Schlimmsten Falles k\u00f6nnen chronische Beschwerden entstehen (Narben, schmerzhafte L\u00e4hmungen, Taubheit).<\/li>\n<\/ul>\n<p>Falls im Rahmen der Untersuchung eine R\u00f6ntgenaufnahme durchgef\u00fchrt wird, ist die Strahlenbelastung sehr gering. Wenn sich jedoch Strahlenbelastungen im Rahmen medizinischer Untersuchungen zus\u00e4tzlich mit der nat\u00fcrlichen aus dem Alltag stammende Strahlung von technischen Ger\u00e4ten (z.B. Fernsehen, Computer) h\u00e4uft, k\u00f6nnen Gesundheitssch\u00e4den nicht ausgeschlossen werden. Im Falle einer Schwangerschaft bestehen aufgrund der Strahlenbelastung Risiken f\u00fcr das ungeborene Kind. Daher bitte ich Sie eindringlich mich sofort \u00fcber eine Schwangerschaft zu informieren und auch wenn Sie denken schwanger zu sein.<br \/>\n\u00dcber Risiken und m\u00f6gliche Komplikationen in Ihrem speziellen Fall kl\u00e4re ich sie im Gespr\u00e4ch vorher auf.[\/vc_column_text]<\/div><div class=\"mkdf-tab-container\" id=\"tab-worauf-ist-zu-achten-230\">[vc_column_text]<strong>Vorbereitung vor der Spiegelung:<\/strong><br \/>\nUm den Dickdarm genau beurteilen zu k\u00f6nnen, muss dieser gr\u00fcndlich gereinigt werden. Bitte befolgen Sie diese Anweisungen hinsichtlich des Essens und Trinkens sowie zur Darmreinigung genauestens und meiden Sie k\u00f6rnerhaltige Nahrungsmittel (z.B. Vollkornbrot, Kiwi, Trauben) bereits einige Tage vor der Untersuchung. Durch die Abf\u00fchrma\u00dfnahmen kann die Wirksamkeit von eingenommenen Medikamenten aufgehoben oder eingeschr\u00e4nkt sein. Dies gilt auch f\u00fcr die \u201cPille\u201d zur Empf\u00e4ngnisverh\u00fctung.<br \/>\nRegelm\u00e4\u00dfig ben\u00f6tigte Medikamente sollten nur nach Absprache (z.B. Dosisanpassung des Insulins bei Diabetikern) verwendet werden. Falls nicht anders angeordnet, sollten Medikamente, wie z.B. Aspirin, mindestens 3 Tage vor der Untersuchung abgesetzt werden. Falls Sie andere blutgerinnungshemmende Medikamente (z.B. Marcumar) einnehmen, teilen Sie mir dies bitte mit.<\/p>\n<p><strong>Nach der Untersuchung:<\/strong><br \/>\nIm Darm verbliebene Luft kann schmerzhafte Bl\u00e4hungen verursachen. Durch reichliche K\u00f6rperbewegung kann der Abgang der Luft unterst\u00fctzt werden.<br \/>\nFalls nicht anders angeordnet, d\u00fcrfen Sie nach der Spiegelung wie gewohnt wieder essen und trinken. Hinsichtlich anderer Verhaltensregeln, z.B. (Wieder-)Einnahme von Medikamenten, insbesondere blutgerinnungshemmenden Mitteln, halten Sie sich unbedingt an die Empfehlungen.<br \/>\nNach einer Beruhigungs-\/Schmerzspritze, d\u00fcrfen Sie 24 Stunden lang nicht aktiv am Stra\u00dfenverkehr teilnehmen, keine wichtigen Entscheidungen treffen und nicht an gef\u00e4hrlichen Maschinen arbeiten.<br \/>\nBei ambulanter Spiegelung lassen Sie sich bitte abholen und fragen Sie, ob zu Hause f\u00fcr eine bestimmte Zeit eine Aufsichtsperson erforderlich ist.<br \/>\nTreten Bauchschmerzen oder andere Befindlichkeitsst\u00f6rungen (z.B. Schwindel, \u00dcbelkeit) auf oder tritt Blut aus dem After aus, informieren Sie bitte unverz\u00fcglich mich, die Notaufnahme der Klinik oder auch Ihren Hausarzt.<br \/>\nDurch die Spiegelung und die feingewebliche Untersuchung der ggf. gewonnenen Gewebeproben, lassen sich krankhafte Ver\u00e4nderungen des Dickdarms mit hoher Sicherheit erkennen. Abh\u00e4ngig vom Befund k\u00f6nnen jedoch Kontrolluntersuchungen notwendig sein. Dar\u00fcber werde ich Sie informieren.[\/vc_column_text]<\/div><div class=\"mkdf-tab-container\" id=\"tab-wichtige-fragen-591\">[vc_column_text]die Sie sorgf\u00e4ltig beantworten sollten, um Gefahrenquellen rechtzeitig erkennen und in Ihrem Fall spezielle Risiken besser absch\u00e4tzen zu k\u00f6nnen.<\/p>\n<ol>\n<li>Besteht eine Bluterkrankung\/ erh\u00f6hte Blutungsneigung (z.B. h\u00e4ufiges Nasenbluten, Neigung zu Bluterg\u00fcssen oder blauen Flecken)?<\/li>\n<li>Nehmen Sie Medikamente zur Blutverd\u00fcnnung (z.B. Marcumar, Aspirin, Heparin) ein?<\/li>\n<li>Besteht eine Allergie\/\u00dcberempfindlichkeitsreaktion (z.B. Asthma, Heuschnupfen oder gegen Medikamente, Pflaster, Latex, Nahrungsmittel, \u00f6rtliche Bet\u00e4ubungsmittel)?<\/li>\n<li>Besteht eine Herz-, Kreislauf- oder Lungenerkrankung (z.B. Herzklappenerkrankung, Bluthochdruck oder Bronchialasthma)?<\/li>\n<li>Besteht eine akute\/chronische Infektionskrankheit (z.B. Hepatitis, AIDS) oder ein anderes schwerwiegendes Leiden (z.B. gr\u00fcner Star, Epilepsie, L\u00e4hmungen)?<\/li>\n<li>Sind St\u00f6rungen des Stoffwechsels (z.B. Diabetes, \u00dcber-\/Unterfunktion der Schilddr\u00fcse) bekannt?<\/li>\n<li>Wurden Sie schon einmal am Magen-Darm-Trakt operiert?<\/li>\n<li>Wurden Sie in den letzten Monaten am Verdauungstrakt ger\u00f6ntgt?<\/li>\n<li>Frauen im geb\u00e4rf\u00e4higen Alter: K\u00f6nnten Sie schwanger sein?<\/li>\n<\/ol>\n<p>[\/vc_column_text]<\/div><\/div>[\/vc_column][\/vc_row][vc_row][vc_column][vc_empty_space height=&#8221;50px&#8221;][\/vc_column][\/vc_row]<\/p>\n<\/div>","protected":false},"excerpt":{"rendered":"<p>[vc_row][vc_column][vc_empty_space][vc_empty_space][vc_single_image image=&#8221;9848&#8243; img_size=&#8221;medium&#8221; alignment=&#8221;center&#8221;][vc_empty_space height=&#8221;50px&#8221;][\/vc_column][\/vc_row][vc_row][vc_column][\/vc_column][\/vc_row][vc_row][vc_column][\/vc_column][\/vc_row][vc_row][vc_column][vc_empty_space height=&#8221;50px&#8221;][\/vc_column][\/vc_row]<\/p>\n","protected":false},"author":3,"featured_media":0,"parent":0,"menu_order":0,"comment_status":"closed","ping_status":"closed","template":"","meta":{"footnotes":""},"class_list":["post-9666","page","type-page","status-publish","hentry"],"yoast_head":"<!-- This site is optimized with the Yoast SEO plugin v27.5 - https:\/\/yoast.com\/product\/yoast-seo-wordpress\/ -->\n<title>Kolonoskopija - Facharzt f\u00fcr Chirurgie<\/title>\n<meta name=\"robots\" content=\"index, follow, max-snippet:-1, max-image-preview:large, max-video-preview:-1\" \/>\n<link rel=\"canonical\" href=\"https:\/\/www.endoskopie.co.at\/hr\/kolonoskopija\/\" \/>\n<meta property=\"og:locale\" content=\"hr_HR\" \/>\n<meta property=\"og:type\" content=\"article\" \/>\n<meta property=\"og:title\" content=\"Kolonoskopija - Facharzt f\u00fcr Chirurgie\" \/>\n<meta property=\"og:description\" content=\"[vc_row][vc_column][vc_empty_space][vc_empty_space][vc_single_image image=&#8221;9848&#8243; img_size=&#8221;medium&#8221; alignment=&#8221;center&#8221;][vc_empty_space height=&#8221;50px&#8221;][\/vc_column][\/vc_row][vc_row][vc_column][\/vc_column][\/vc_row][vc_row][vc_column][\/vc_column][\/vc_row][vc_row][vc_column][vc_empty_space height=&#8221;50px&#8221;][\/vc_column][\/vc_row]\" \/>\n<meta property=\"og:url\" content=\"https:\/\/www.endoskopie.co.at\/hr\/kolonoskopija\/\" \/>\n<meta property=\"og:site_name\" content=\"Facharzt f\u00fcr Chirurgie\" \/>\n<meta property=\"article:modified_time\" content=\"2020-03-18T14:59:06+00:00\" \/>\n<meta name=\"twitter:card\" content=\"summary_large_image\" \/>\n<meta name=\"twitter:label1\" content=\"Procijenjeno vrijeme \u010ditanja\" \/>\n\t<meta name=\"twitter:data1\" content=\"8 minuta\" \/>\n<script type=\"application\/ld+json\" class=\"yoast-schema-graph\">{\"@context\":\"https:\\\/\\\/schema.org\",\"@graph\":[{\"@type\":\"WebPage\",\"@id\":\"https:\\\/\\\/www.endoskopie.co.at\\\/hr\\\/kolonoskopija\\\/\",\"url\":\"https:\\\/\\\/www.endoskopie.co.at\\\/hr\\\/kolonoskopija\\\/\",\"name\":\"Kolonoskopija - Facharzt f\u00fcr Chirurgie\",\"isPartOf\":{\"@id\":\"https:\\\/\\\/www.endoskopie.co.at\\\/#website\"},\"datePublished\":\"2020-02-24T16:53:03+00:00\",\"dateModified\":\"2020-03-18T14:59:06+00:00\",\"breadcrumb\":{\"@id\":\"https:\\\/\\\/www.endoskopie.co.at\\\/hr\\\/kolonoskopija\\\/#breadcrumb\"},\"inLanguage\":\"hr\",\"potentialAction\":[{\"@type\":\"ReadAction\",\"target\":[\"https:\\\/\\\/www.endoskopie.co.at\\\/hr\\\/kolonoskopija\\\/\"]}]},{\"@type\":\"BreadcrumbList\",\"@id\":\"https:\\\/\\\/www.endoskopie.co.at\\\/hr\\\/kolonoskopija\\\/#breadcrumb\",\"itemListElement\":[{\"@type\":\"ListItem\",\"position\":1,\"name\":\"Startseite\",\"item\":\"https:\\\/\\\/www.endoskopie.co.at\\\/hr\\\/\"},{\"@type\":\"ListItem\",\"position\":2,\"name\":\"Kolonoskopija\"}]},{\"@type\":\"WebSite\",\"@id\":\"https:\\\/\\\/www.endoskopie.co.at\\\/#website\",\"url\":\"https:\\\/\\\/www.endoskopie.co.at\\\/\",\"name\":\"Facharzt f\u00fcr Chirurgie\",\"description\":\"Dr. Gottfried Steiner\",\"potentialAction\":[{\"@type\":\"SearchAction\",\"target\":{\"@type\":\"EntryPoint\",\"urlTemplate\":\"https:\\\/\\\/www.endoskopie.co.at\\\/?s={search_term_string}\"},\"query-input\":{\"@type\":\"PropertyValueSpecification\",\"valueRequired\":true,\"valueName\":\"search_term_string\"}}],\"inLanguage\":\"hr\"}]}<\/script>\n<!-- \/ Yoast SEO plugin. -->","yoast_head_json":{"title":"Kolonoskopija - Facharzt f\u00fcr Chirurgie","robots":{"index":"index","follow":"follow","max-snippet":"max-snippet:-1","max-image-preview":"max-image-preview:large","max-video-preview":"max-video-preview:-1"},"canonical":"https:\/\/www.endoskopie.co.at\/hr\/kolonoskopija\/","og_locale":"hr_HR","og_type":"article","og_title":"Kolonoskopija - Facharzt f\u00fcr Chirurgie","og_description":"[vc_row][vc_column][vc_empty_space][vc_empty_space][vc_single_image image=&#8221;9848&#8243; img_size=&#8221;medium&#8221; alignment=&#8221;center&#8221;][vc_empty_space height=&#8221;50px&#8221;][\/vc_column][\/vc_row][vc_row][vc_column][\/vc_column][\/vc_row][vc_row][vc_column][\/vc_column][\/vc_row][vc_row][vc_column][vc_empty_space height=&#8221;50px&#8221;][\/vc_column][\/vc_row]","og_url":"https:\/\/www.endoskopie.co.at\/hr\/kolonoskopija\/","og_site_name":"Facharzt f\u00fcr Chirurgie","article_modified_time":"2020-03-18T14:59:06+00:00","twitter_card":"summary_large_image","twitter_misc":{"Procijenjeno vrijeme \u010ditanja":"8 minuta"},"schema":{"@context":"https:\/\/schema.org","@graph":[{"@type":"WebPage","@id":"https:\/\/www.endoskopie.co.at\/hr\/kolonoskopija\/","url":"https:\/\/www.endoskopie.co.at\/hr\/kolonoskopija\/","name":"Kolonoskopija - Facharzt f\u00fcr Chirurgie","isPartOf":{"@id":"https:\/\/www.endoskopie.co.at\/#website"},"datePublished":"2020-02-24T16:53:03+00:00","dateModified":"2020-03-18T14:59:06+00:00","breadcrumb":{"@id":"https:\/\/www.endoskopie.co.at\/hr\/kolonoskopija\/#breadcrumb"},"inLanguage":"hr","potentialAction":[{"@type":"ReadAction","target":["https:\/\/www.endoskopie.co.at\/hr\/kolonoskopija\/"]}]},{"@type":"BreadcrumbList","@id":"https:\/\/www.endoskopie.co.at\/hr\/kolonoskopija\/#breadcrumb","itemListElement":[{"@type":"ListItem","position":1,"name":"Startseite","item":"https:\/\/www.endoskopie.co.at\/hr\/"},{"@type":"ListItem","position":2,"name":"Kolonoskopija"}]},{"@type":"WebSite","@id":"https:\/\/www.endoskopie.co.at\/#website","url":"https:\/\/www.endoskopie.co.at\/","name":"Facharzt f\u00fcr Chirurgie","description":"Dr. Gottfried Steiner","potentialAction":[{"@type":"SearchAction","target":{"@type":"EntryPoint","urlTemplate":"https:\/\/www.endoskopie.co.at\/?s={search_term_string}"},"query-input":{"@type":"PropertyValueSpecification","valueRequired":true,"valueName":"search_term_string"}}],"inLanguage":"hr"}]}},"_links":{"self":[{"href":"https:\/\/www.endoskopie.co.at\/hr\/wp-json\/wp\/v2\/pages\/9666","targetHints":{"allow":["GET"]}}],"collection":[{"href":"https:\/\/www.endoskopie.co.at\/hr\/wp-json\/wp\/v2\/pages"}],"about":[{"href":"https:\/\/www.endoskopie.co.at\/hr\/wp-json\/wp\/v2\/types\/page"}],"author":[{"embeddable":true,"href":"https:\/\/www.endoskopie.co.at\/hr\/wp-json\/wp\/v2\/users\/3"}],"replies":[{"embeddable":true,"href":"https:\/\/www.endoskopie.co.at\/hr\/wp-json\/wp\/v2\/comments?post=9666"}],"version-history":[{"count":0,"href":"https:\/\/www.endoskopie.co.at\/hr\/wp-json\/wp\/v2\/pages\/9666\/revisions"}],"wp:attachment":[{"href":"https:\/\/www.endoskopie.co.at\/hr\/wp-json\/wp\/v2\/media?parent=9666"}],"curies":[{"name":"wp","href":"https:\/\/api.w.org\/{rel}","templated":true}]}}