{"id":9652,"date":"2020-02-24T16:44:59","date_gmt":"2020-02-24T16:44:59","guid":{"rendered":"http:\/\/webseitecheck.de\/tr\/?page_id=9652"},"modified":"2020-03-11T11:50:16","modified_gmt":"2020-03-11T10:50:16","slug":"hizmetler","status":"publish","type":"page","link":"https:\/\/www.endoskopie.co.at\/tr\/hizmetler\/","title":{"rendered":"Hizmetler"},"content":{"rendered":"<div class=\"wpb-content-wrapper\"><p>[vc_row][vc_column][vc_empty_space]<div class=\"mkdf-section-title-holder mkdf-st-standard mkdf-st-title-left mkdf-st-normal-space \" >\n\t<div class=\"mkdf-st-inner\">\n\t\t\t\t\t<h3 class=\"mkdf-st-title\" >\n\t\t\t\tSie k\u00f6nnen in meiner Ordination die folgenden Leistungen in Anspruch nehmen.\t\t\t<\/h3>\n\t\t\t\t\t<\/div>\n<\/div>[vc_empty_space]<div class=\"mkdf-icon-list-holder\" >\n\t<div class=\"mkdf-il-icon-holder\">\n\t\t<i class=\"mkdf-icon-font-awesome fa fa-circle-o-notch \" style=\"color: #66cc00;font-size: 15px\"><\/i>\t<\/div>\n\t<p class=\"mkdf-il-text\" >Stress- und schmerzfreie Durchf\u00fchrung diagnostischer und pr\u00e4ventiver Untersuchungen (Gastroskopie und Koloskopie).<\/p>\n<\/div><div class=\"mkdf-icon-list-holder\" >\n\t<div class=\"mkdf-il-icon-holder\">\n\t\t<i class=\"mkdf-icon-font-awesome fa fa-circle-o-notch \" style=\"color: #66cc00;font-size: 15px\"><\/i>\t<\/div>\n\t<p class=\"mkdf-il-text\" >Durchf\u00fchrung der Hydro-Colon-Therapie \/ therapeutische Einl\u00e4ufe: die Indikation wird nach einer Beratung und einer pers\u00f6nlichen Diagnostik erstellt.<\/p>\n<\/div><div class=\"mkdf-icon-list-holder\" >\n\t<div class=\"mkdf-il-icon-holder\">\n\t\t<i class=\"mkdf-icon-font-awesome fa fa-circle-o-notch \" style=\"color: #66cc00;font-size: 15px\"><\/i>\t<\/div>\n\t<p class=\"mkdf-il-text\" >Atemtest bei Verdacht auf Nahrungsmittelunvertr\u00e4glichkeit<\/p>\n<\/div>[vc_empty_space height=&#8221;15px&#8221;]<div class=\"mkdf-section-title-holder mkdf-st-standard mkdf-st-title-left mkdf-st-normal-space \" >\n\t<div class=\"mkdf-st-inner\">\n\t\t\t\t\t\t\t<h5 class=\"mkdf-st-text\" style=\"font-weight: 200\">\n\t\t\t\tDie erw\u00e4hnten Leistungen werden pers\u00f6nlich sowohl von Herrn Dr. Steiner als auch von seinem qualifizierten Fachpersonal durchgef\u00fchrt.\t\t\t<\/h5>\n\t\t\t<\/div>\n<\/div>[\/vc_column][\/vc_row][vc_row][vc_column][vc_empty_space height=&#8221;50px&#8221;][\/vc_column][\/vc_row]<\/p>\n<\/div>","protected":false},"excerpt":{"rendered":"<p>[vc_row][vc_column][vc_empty_space][vc_empty_space][vc_empty_space height=&#8221;15px&#8221;][\/vc_column][\/vc_row][vc_row][vc_column][vc_empty_space height=&#8221;50px&#8221;][\/vc_column][\/vc_row]<\/p>\n","protected":false},"author":3,"featured_media":0,"parent":0,"menu_order":0,"comment_status":"closed","ping_status":"closed","template":"","meta":{"footnotes":""},"class_list":["post-9652","page","type-page","status-publish","hentry"],"yoast_head":"<!-- This site is optimized with the Yoast SEO plugin v27.5 - https:\/\/yoast.com\/product\/yoast-seo-wordpress\/ -->\n<title>Hizmetler - Facharzt f\u00fcr Chirurgie<\/title>\n<meta name=\"robots\" content=\"index, follow, max-snippet:-1, max-image-preview:large, max-video-preview:-1\" \/>\n<link rel=\"canonical\" href=\"https:\/\/www.endoskopie.co.at\/tr\/hizmetler\/\" \/>\n<meta property=\"og:locale\" content=\"tr_TR\" \/>\n<meta property=\"og:type\" content=\"article\" \/>\n<meta property=\"og:title\" content=\"Hizmetler - Facharzt f\u00fcr Chirurgie\" \/>\n<meta property=\"og:description\" content=\"[vc_row][vc_column][vc_empty_space][vc_empty_space][vc_empty_space height=&#8221;15px&#8221;][\/vc_column][\/vc_row][vc_row][vc_column][vc_empty_space height=&#8221;50px&#8221;][\/vc_column][\/vc_row]\" \/>\n<meta property=\"og:url\" content=\"https:\/\/www.endoskopie.co.at\/tr\/hizmetler\/\" \/>\n<meta property=\"og:site_name\" content=\"Facharzt f\u00fcr Chirurgie\" \/>\n<meta property=\"article:modified_time\" content=\"2020-03-11T10:50:16+00:00\" \/>\n<meta name=\"twitter:card\" content=\"summary_large_image\" \/>\n<meta name=\"twitter:label1\" content=\"Est. reading time\" \/>\n\t<meta name=\"twitter:data1\" content=\"1 minute\" \/>\n<script type=\"application\/ld+json\" class=\"yoast-schema-graph\">{\"@context\":\"https:\\\/\\\/schema.org\",\"@graph\":[{\"@type\":\"WebPage\",\"@id\":\"https:\\\/\\\/www.endoskopie.co.at\\\/tr\\\/hizmetler\\\/\",\"url\":\"https:\\\/\\\/www.endoskopie.co.at\\\/tr\\\/hizmetler\\\/\",\"name\":\"Hizmetler - Facharzt f\u00fcr Chirurgie\",\"isPartOf\":{\"@id\":\"https:\\\/\\\/www.endoskopie.co.at\\\/#website\"},\"datePublished\":\"2020-02-24T16:44:59+00:00\",\"dateModified\":\"2020-03-11T10:50:16+00:00\",\"breadcrumb\":{\"@id\":\"https:\\\/\\\/www.endoskopie.co.at\\\/tr\\\/hizmetler\\\/#breadcrumb\"},\"inLanguage\":\"tr\",\"potentialAction\":[{\"@type\":\"ReadAction\",\"target\":[\"https:\\\/\\\/www.endoskopie.co.at\\\/tr\\\/hizmetler\\\/\"]}]},{\"@type\":\"BreadcrumbList\",\"@id\":\"https:\\\/\\\/www.endoskopie.co.at\\\/tr\\\/hizmetler\\\/#breadcrumb\",\"itemListElement\":[{\"@type\":\"ListItem\",\"position\":1,\"name\":\"Startseite\",\"item\":\"https:\\\/\\\/www.endoskopie.co.at\\\/tr\\\/\"},{\"@type\":\"ListItem\",\"position\":2,\"name\":\"Hizmetler\"}]},{\"@type\":\"WebSite\",\"@id\":\"https:\\\/\\\/www.endoskopie.co.at\\\/#website\",\"url\":\"https:\\\/\\\/www.endoskopie.co.at\\\/\",\"name\":\"Facharzt f\u00fcr Chirurgie\",\"description\":\"Dr. Gottfried Steiner\",\"potentialAction\":[{\"@type\":\"SearchAction\",\"target\":{\"@type\":\"EntryPoint\",\"urlTemplate\":\"https:\\\/\\\/www.endoskopie.co.at\\\/?s={search_term_string}\"},\"query-input\":{\"@type\":\"PropertyValueSpecification\",\"valueRequired\":true,\"valueName\":\"search_term_string\"}}],\"inLanguage\":\"tr\"}]}<\/script>\n<!-- \/ Yoast SEO plugin. -->","yoast_head_json":{"title":"Hizmetler - Facharzt f\u00fcr Chirurgie","robots":{"index":"index","follow":"follow","max-snippet":"max-snippet:-1","max-image-preview":"max-image-preview:large","max-video-preview":"max-video-preview:-1"},"canonical":"https:\/\/www.endoskopie.co.at\/tr\/hizmetler\/","og_locale":"tr_TR","og_type":"article","og_title":"Hizmetler - Facharzt f\u00fcr Chirurgie","og_description":"[vc_row][vc_column][vc_empty_space][vc_empty_space][vc_empty_space height=&#8221;15px&#8221;][\/vc_column][\/vc_row][vc_row][vc_column][vc_empty_space height=&#8221;50px&#8221;][\/vc_column][\/vc_row]","og_url":"https:\/\/www.endoskopie.co.at\/tr\/hizmetler\/","og_site_name":"Facharzt f\u00fcr Chirurgie","article_modified_time":"2020-03-11T10:50:16+00:00","twitter_card":"summary_large_image","twitter_misc":{"Est. reading time":"1 minute"},"schema":{"@context":"https:\/\/schema.org","@graph":[{"@type":"WebPage","@id":"https:\/\/www.endoskopie.co.at\/tr\/hizmetler\/","url":"https:\/\/www.endoskopie.co.at\/tr\/hizmetler\/","name":"Hizmetler - Facharzt f\u00fcr Chirurgie","isPartOf":{"@id":"https:\/\/www.endoskopie.co.at\/#website"},"datePublished":"2020-02-24T16:44:59+00:00","dateModified":"2020-03-11T10:50:16+00:00","breadcrumb":{"@id":"https:\/\/www.endoskopie.co.at\/tr\/hizmetler\/#breadcrumb"},"inLanguage":"tr","potentialAction":[{"@type":"ReadAction","target":["https:\/\/www.endoskopie.co.at\/tr\/hizmetler\/"]}]},{"@type":"BreadcrumbList","@id":"https:\/\/www.endoskopie.co.at\/tr\/hizmetler\/#breadcrumb","itemListElement":[{"@type":"ListItem","position":1,"name":"Startseite","item":"https:\/\/www.endoskopie.co.at\/tr\/"},{"@type":"ListItem","position":2,"name":"Hizmetler"}]},{"@type":"WebSite","@id":"https:\/\/www.endoskopie.co.at\/#website","url":"https:\/\/www.endoskopie.co.at\/","name":"Facharzt f\u00fcr Chirurgie","description":"Dr. Gottfried Steiner","potentialAction":[{"@type":"SearchAction","target":{"@type":"EntryPoint","urlTemplate":"https:\/\/www.endoskopie.co.at\/?s={search_term_string}"},"query-input":{"@type":"PropertyValueSpecification","valueRequired":true,"valueName":"search_term_string"}}],"inLanguage":"tr"}]}},"_links":{"self":[{"href":"https:\/\/www.endoskopie.co.at\/tr\/wp-json\/wp\/v2\/pages\/9652","targetHints":{"allow":["GET"]}}],"collection":[{"href":"https:\/\/www.endoskopie.co.at\/tr\/wp-json\/wp\/v2\/pages"}],"about":[{"href":"https:\/\/www.endoskopie.co.at\/tr\/wp-json\/wp\/v2\/types\/page"}],"author":[{"embeddable":true,"href":"https:\/\/www.endoskopie.co.at\/tr\/wp-json\/wp\/v2\/users\/3"}],"replies":[{"embeddable":true,"href":"https:\/\/www.endoskopie.co.at\/tr\/wp-json\/wp\/v2\/comments?post=9652"}],"version-history":[{"count":0,"href":"https:\/\/www.endoskopie.co.at\/tr\/wp-json\/wp\/v2\/pages\/9652\/revisions"}],"wp:attachment":[{"href":"https:\/\/www.endoskopie.co.at\/tr\/wp-json\/wp\/v2\/media?parent=9652"}],"curies":[{"name":"wp","href":"https:\/\/api.w.org\/{rel}","templated":true}]}}