{"id":9708,"date":"2020-03-02T12:03:39","date_gmt":"2020-03-02T11:03:39","guid":{"rendered":"https:\/\/webseitecheck.de\/tr\/?page_id=9708"},"modified":"2022-11-01T16:52:24","modified_gmt":"2022-11-01T15:52:24","slug":"bize-ulasin","status":"publish","type":"page","link":"https:\/\/www.endoskopie.co.at\/tr\/bize-ulasin\/","title":{"rendered":"Bize Ula\u015f\u0131n"},"content":{"rendered":"<div class=\"wpb-content-wrapper\"><p>[vc_row][vc_column][vc_empty_space]<div class=\"mkdf-section-title-holder mkdf-st-standard mkdf-st-title-left mkdf-st-normal-space \" >\n\t<div class=\"mkdf-st-inner\">\n\t\t\t\t\t<h2 class=\"mkdf-st-title\" >\n\t\t\t\t\u0130leti\u015fim bilgilerimiz\t\t\t<\/h2>\n\t\t\t\t\t<\/div>\n<\/div>[vc_empty_space height=&#8221;50px&#8221;][\/vc_column][\/vc_row][vc_row][vc_column offset=&#8221;vc_col-lg-4 vc_col-md-6 vc_col-xs-12&#8243;]<div class=\"mkdf-section-title-holder mkdf-st-standard mkdf-st-title-left mkdf-st-normal-space \" >\n\t<div class=\"mkdf-st-inner\">\n\t\t\t\t\t<h3 class=\"mkdf-st-title\" >\n\t\t\t\t<span class=\"mkdf-st-title-light\">Emretmek<\/span> <span class=\"mkdf-st-title-light\">Dr.<\/span> <span class=\"mkdf-st-title-light\">STEINER<\/span>\t\t\t<\/h3>\n\t\t\t\t\t<\/div>\n<\/div>[vc_empty_space height=&#8221;9px&#8221;]<div class=\"mkdf-info-icon clearfix mkdf-icon-info-icon-medium\">\n\t<div class=\"mkdf-icon-info-icon\">\n\t\t\t\t\t<a itemprop=\"url\" href=\"https:\/\/goo.gl\/maps\/fwTW6gXRQzW3QXb69\" target=\"_self\">\n\t\t\t\t\t\t\t\t\t    <span class=\"mkdf-icon-shortcode mkdf-normal\"  data-color=\"#66cc00\">\n                    <i class=\"mkdf-icon-font-awesome fa fa-map-marker mkdf-icon-element\" style=\"color: #66cc00;font-size:30px\" ><\/i>            <\/span>\n\t\t\t\t\t\t\t\t<\/a>\n\t\t\t<\/div>\n\t<div class=\"mkdf-info-icon-content\">\n\t\t\t\t\t\t\t\t\t\t\t<a itemprop=\"url\" href=\"https:\/\/goo.gl\/maps\/fwTW6gXRQzW3QXb69\" target=\"_self\">\n\t\t\t\t\t\t\t\t<span class=\"mkdf-info-icon-title-text\" >Palffygasse 2, 2500 Baden, \u00d6sterreich<\/span>\n\t\t\t\t\t\t\t\t\t<\/a>\n\t\t\t\t\t\t\t\t<\/div>\n<\/div>[vc_column_text]Muayenehanemiz tren istasyonunun kar\u015f\u0131s\u0131ndad\u0131r. Hastalar\u0131m\u0131z i\u00e7in yeralt\u0131 garaj\u0131nda park yerleri vard\u0131r![\/vc_column_text][vc_empty_space]<div class=\"mkdf-info-icon clearfix mkdf-icon-info-icon-medium\">\n\t<div class=\"mkdf-icon-info-icon\">\n\t\t\t\t\t<a itemprop=\"url\" href=\"tel:0043225243233\" target=\"_self\">\n\t\t\t\t\t\t\t\t\t    <span class=\"mkdf-icon-shortcode mkdf-normal\"  data-color=\"#66cc00\">\n                    <i class=\"mkdf-icon-font-awesome fa fa-phone mkdf-icon-element\" style=\"color: #66cc00;font-size:30px\" ><\/i>            <\/span>\n\t\t\t\t\t\t\t\t<\/a>\n\t\t\t<\/div>\n\t<div class=\"mkdf-info-icon-content\">\n\t\t\t\t\t\t\t\t\t\t\t<a itemprop=\"url\" href=\"tel:0043225243233\" target=\"_self\">\n\t\t\t\t\t\t\t\t<span class=\"mkdf-info-icon-title-text\" >+ 43 (0) 2252 43233<\/span>\n\t\t\t\t\t\t\t\t\t<\/a>\n\t\t\t\t\t\t\t\t<\/div>\n<\/div>[vc_empty_space]<div class=\"mkdf-info-icon clearfix mkdf-icon-info-icon-medium\">\n\t<div class=\"mkdf-icon-info-icon\">\n\t\t\t\t\t<a itemprop=\"url\" href=\"mailto:praxis@endoskopie.co.at\" target=\"_self\">\n\t\t\t\t\t\t\t\t\t    <span class=\"mkdf-icon-shortcode mkdf-normal\"  data-color=\"#66cc00\">\n                    <i class=\"mkdf-icon-font-awesome fa fa-envelope mkdf-icon-element\" style=\"color: #66cc00;font-size:30px\" ><\/i>            <\/span>\n\t\t\t\t\t\t\t\t<\/a>\n\t\t\t<\/div>\n\t<div class=\"mkdf-info-icon-content\">\n\t\t\t\t\t\t\t\t\t\t\t<a itemprop=\"url\" href=\"mailto:praxis@endoskopie.co.at\" target=\"_self\">\n\t\t\t\t\t\t\t\t<span class=\"mkdf-info-icon-title-text\" >praxis@endoskopie.co.at<\/span>\n\t\t\t\t\t\t\t\t\t<\/a>\n\t\t\t\t\t\t\t\t<\/div>\n<\/div>[vc_empty_space][\/vc_column][vc_column offset=&#8221;vc_col-lg-4 vc_col-md-6 vc_col-xs-12&#8243;]<div class=\"mkdf-section-title-holder mkdf-st-standard mkdf-st-title-left mkdf-st-normal-space \" >\n\t<div class=\"mkdf-st-inner\">\n\t\t\t\t\t<h3 class=\"mkdf-st-title\" >\n\t\t\t\t<span class=\"mkdf-st-title-light\">A\u00e7\u0131l\u0131\u015f<\/span> <span class=\"mkdf-st-title-light\">saatleri<\/span> <span class=\"mkdf-st-title-light\"><\/span>\t\t\t<\/h3>\n\t\t\t\t\t<\/div>\n<\/div>[vc_column_text]<\/p>\n<table>\n<tbody>\n<tr style=\"border: none; border-bottom: 1px solid #ccc; color: #333;\">\n<td style=\"text-align: left; padding-left: 2px;\">Pazartesi<\/td>\n<td style=\"text-align: right;\">08:00 &#8211; 16:00<\/td>\n<\/tr>\n<tr style=\"border: none; border-bottom: 1px solid #ccc; color: #333;\">\n<td style=\"text-align: left; padding-left: 2px;\">Sal\u0131<\/td>\n<td style=\"text-align: right;\">08:00 &#8211; 16:00<\/td>\n<\/tr>\n<tr style=\"border: none; border-bottom: 1px solid #ccc; color: #333;\">\n<td style=\"text-align: left; padding-left: 2px;\">\u00e7ar\u015famba<\/td>\n<td style=\"text-align: right;\">08:00 &#8211; 16:00<\/td>\n<\/tr>\n<tr style=\"border: none; border-bottom: 1px solid #ccc; color: #333;\">\n<td style=\"text-align: left; padding-left: 2px;\">Per\u015fembe<\/td>\n<td style=\"text-align: right;\">08:00 &#8211; 16:00<\/td>\n<\/tr>\n<tr style=\"border: none; border-bottom: 1px solid #ccc; color: #333;\">\n<td style=\"text-align: left; padding-left: 2px;\">Cuma<\/td>\n<td style=\"text-align: right;\">08:00 &#8211; 14:00<\/td>\n<\/tr>\n<tr style=\"border: none; border-bottom: 1px solid #ccc; color: #333;\">\n<td style=\"text-align: left; padding-left: 2px;\">Haftasonu<\/td>\n<td style=\"text-align: right;\">Kapal\u0131<\/td>\n<\/tr>\n<\/tbody>\n<\/table>\n<p>[\/vc_column_text][\/vc_column][vc_column offset=&#8221;vc_col-lg-4 vc_col-md-6 vc_col-xs-12&#8243;][\/vc_column][\/vc_row][vc_row][vc_column][vc_empty_space height=&#8221;60px&#8221;][\/vc_column][\/vc_row][vc_row disable_element=&#8221;yes&#8221;][vc_column width=&#8221;1\/2&#8243;]<div class=\"mkdf-section-title-holder mkdf-st-standard mkdf-st-title-left mkdf-st-normal-space \" >\n\t<div class=\"mkdf-st-inner\">\n\t\t\t\t\t<h3 class=\"mkdf-st-title\" >\n\t\t\t\t<span class=\"mkdf-st-title-light\">Ileti\u015fim<\/span> <span class=\"mkdf-st-title-light\">Formu<\/span>\t\t\t<\/h3>\n\t\t\t\t\t<\/div>\n<\/div>[vc_empty_space height=&#8221;10px&#8221;]\n<div class=\"wpcf7 no-js\" id=\"wpcf7-f10023-o1\" lang=\"en-US\" dir=\"ltr\" data-wpcf7-id=\"10023\">\n<div class=\"screen-reader-response\"><p role=\"status\" aria-live=\"polite\" aria-atomic=\"true\"><\/p> <ul><\/ul><\/div>\n<form action=\"\/tr\/wp-json\/wp\/v2\/pages\/9708#wpcf7-f10023-o1\" method=\"post\" class=\"wpcf7-form init\" aria-label=\"Contact form\" novalidate=\"novalidate\" data-status=\"init\">\n<fieldset class=\"hidden-fields-container\"><input type=\"hidden\" name=\"_wpcf7\" value=\"10023\" \/><input type=\"hidden\" name=\"_wpcf7_version\" value=\"6.1.5\" \/><input type=\"hidden\" name=\"_wpcf7_locale\" value=\"en_US\" \/><input type=\"hidden\" name=\"_wpcf7_unit_tag\" value=\"wpcf7-f10023-o1\" \/><input type=\"hidden\" name=\"_wpcf7_container_post\" value=\"0\" \/><input type=\"hidden\" name=\"_wpcf7_posted_data_hash\" value=\"\" \/>\n<\/fieldset>\n<p><span class=\"wpcf7-form-control-wrap\" data-name=\"your-name\"><input size=\"40\" maxlength=\"400\" class=\"wpcf7-form-control wpcf7-text wpcf7-validates-as-required\" aria-required=\"true\" aria-invalid=\"false\" placeholder=\"Ad*\" value=\"\" type=\"text\" name=\"your-name\" \/><\/span><br \/>\n<span class=\"wpcf7-form-control-wrap\" data-name=\"your-email\"><input size=\"40\" maxlength=\"400\" class=\"wpcf7-form-control wpcf7-email wpcf7-validates-as-required wpcf7-text wpcf7-validates-as-email\" aria-required=\"true\" aria-invalid=\"false\" placeholder=\"E-mail*\" value=\"\" type=\"email\" name=\"your-email\" \/><\/span><br \/>\n<span class=\"wpcf7-form-control-wrap\" data-name=\"your-message\"><textarea cols=\"40\" rows=\"10\" maxlength=\"2000\" class=\"wpcf7-form-control wpcf7-textarea\" aria-invalid=\"false\" placeholder=\"Mesaj\" name=\"your-message\"><\/textarea><\/span><br \/>\n<input class=\"wpcf7-form-control wpcf7-submit has-spinner\" type=\"submit\" value=\"G\u00f6nderme\" \/>\n<\/p><div class=\"wpcf7-response-output\" aria-hidden=\"true\"><\/div>\n<\/form>\n<\/div>\n[vc_empty_space height=&#8221;60px&#8221;][\/vc_column][vc_column width=&#8221;1\/2&#8243;][\/vc_column][\/vc_row]<\/p>\n<\/div>","protected":false},"excerpt":{"rendered":"<p>[vc_row][vc_column][vc_empty_space][vc_empty_space height=&#8221;50px&#8221;][\/vc_column][\/vc_row][vc_row][vc_column offset=&#8221;vc_col-lg-4 vc_col-md-6 vc_col-xs-12&#8243;][vc_empty_space height=&#8221;9px&#8221;][vc_column_text]Muayenehanemiz tren istasyonunun kar\u015f\u0131s\u0131ndad\u0131r. Hastalar\u0131m\u0131z i\u00e7in yeralt\u0131 garaj\u0131nda park yerleri vard\u0131r![\/vc_column_text][vc_empty_space][vc_empty_space][vc_empty_space][\/vc_column][vc_column offset=&#8221;vc_col-lg-4 vc_col-md-6 vc_col-xs-12&#8243;][vc_column_text] Pazartesi 08:00 &#8211; 16:00 Sal\u0131 08:00 &#8211; 16:00 \u00e7ar\u015famba 08:00 &#8211; 16:00 Per\u015fembe 08:00 &#8211; 16:00 Cuma 08:00 &#8211; 14:00 Haftasonu [&hellip;]<\/p>\n","protected":false},"author":3,"featured_media":0,"parent":0,"menu_order":0,"comment_status":"closed","ping_status":"closed","template":"","meta":{"footnotes":""},"class_list":["post-9708","page","type-page","status-publish","hentry"],"yoast_head":"<!-- This site is optimized with the Yoast SEO plugin v27.5 - https:\/\/yoast.com\/product\/yoast-seo-wordpress\/ -->\n<title>Bize Ula\u015f\u0131n - Facharzt f\u00fcr Chirurgie<\/title>\n<meta name=\"robots\" content=\"index, follow, max-snippet:-1, max-image-preview:large, max-video-preview:-1\" \/>\n<link rel=\"canonical\" href=\"https:\/\/www.endoskopie.co.at\/tr\/bize-ulasin\/\" \/>\n<meta property=\"og:locale\" content=\"tr_TR\" \/>\n<meta property=\"og:type\" content=\"article\" \/>\n<meta property=\"og:title\" content=\"Bize Ula\u015f\u0131n - Facharzt f\u00fcr Chirurgie\" \/>\n<meta property=\"og:description\" content=\"[vc_row][vc_column][vc_empty_space][vc_empty_space height=&#8221;50px&#8221;][\/vc_column][\/vc_row][vc_row][vc_column offset=&#8221;vc_col-lg-4 vc_col-md-6 vc_col-xs-12&#8243;][vc_empty_space height=&#8221;9px&#8221;][vc_column_text]Muayenehanemiz tren istasyonunun kar\u015f\u0131s\u0131ndad\u0131r. Hastalar\u0131m\u0131z i\u00e7in yeralt\u0131 garaj\u0131nda park yerleri vard\u0131r![\/vc_column_text][vc_empty_space][vc_empty_space][vc_empty_space][\/vc_column][vc_column offset=&#8221;vc_col-lg-4 vc_col-md-6 vc_col-xs-12&#8243;][vc_column_text] Pazartesi 08:00 &#8211; 16:00 Sal\u0131 08:00 &#8211; 16:00 \u00e7ar\u015famba 08:00 &#8211; 16:00 Per\u015fembe 08:00 &#8211; 16:00 Cuma 08:00 &#8211; 14:00 Haftasonu [&hellip;]\" \/>\n<meta property=\"og:url\" content=\"https:\/\/www.endoskopie.co.at\/tr\/bize-ulasin\/\" \/>\n<meta property=\"og:site_name\" content=\"Facharzt f\u00fcr Chirurgie\" \/>\n<meta property=\"article:modified_time\" content=\"2022-11-01T15:52:24+00:00\" \/>\n<meta name=\"twitter:card\" content=\"summary_large_image\" \/>\n<meta name=\"twitter:label1\" content=\"Est. reading time\" \/>\n\t<meta name=\"twitter:data1\" content=\"1 minute\" \/>\n<script type=\"application\/ld+json\" class=\"yoast-schema-graph\">{\"@context\":\"https:\\\/\\\/schema.org\",\"@graph\":[{\"@type\":\"WebPage\",\"@id\":\"https:\\\/\\\/www.endoskopie.co.at\\\/tr\\\/bize-ulasin\\\/\",\"url\":\"https:\\\/\\\/www.endoskopie.co.at\\\/tr\\\/bize-ulasin\\\/\",\"name\":\"Bize Ula\u015f\u0131n - Facharzt f\u00fcr Chirurgie\",\"isPartOf\":{\"@id\":\"https:\\\/\\\/www.endoskopie.co.at\\\/#website\"},\"datePublished\":\"2020-03-02T11:03:39+00:00\",\"dateModified\":\"2022-11-01T15:52:24+00:00\",\"breadcrumb\":{\"@id\":\"https:\\\/\\\/www.endoskopie.co.at\\\/tr\\\/bize-ulasin\\\/#breadcrumb\"},\"inLanguage\":\"tr\",\"potentialAction\":[{\"@type\":\"ReadAction\",\"target\":[\"https:\\\/\\\/www.endoskopie.co.at\\\/tr\\\/bize-ulasin\\\/\"]}]},{\"@type\":\"BreadcrumbList\",\"@id\":\"https:\\\/\\\/www.endoskopie.co.at\\\/tr\\\/bize-ulasin\\\/#breadcrumb\",\"itemListElement\":[{\"@type\":\"ListItem\",\"position\":1,\"name\":\"Startseite\",\"item\":\"https:\\\/\\\/www.endoskopie.co.at\\\/tr\\\/\"},{\"@type\":\"ListItem\",\"position\":2,\"name\":\"Bize Ula\u015f\u0131n\"}]},{\"@type\":\"WebSite\",\"@id\":\"https:\\\/\\\/www.endoskopie.co.at\\\/#website\",\"url\":\"https:\\\/\\\/www.endoskopie.co.at\\\/\",\"name\":\"Facharzt f\u00fcr Chirurgie\",\"description\":\"Dr. Gottfried Steiner\",\"potentialAction\":[{\"@type\":\"SearchAction\",\"target\":{\"@type\":\"EntryPoint\",\"urlTemplate\":\"https:\\\/\\\/www.endoskopie.co.at\\\/?s={search_term_string}\"},\"query-input\":{\"@type\":\"PropertyValueSpecification\",\"valueRequired\":true,\"valueName\":\"search_term_string\"}}],\"inLanguage\":\"tr\"}]}<\/script>\n<!-- \/ Yoast SEO plugin. -->","yoast_head_json":{"title":"Bize Ula\u015f\u0131n - Facharzt f\u00fcr Chirurgie","robots":{"index":"index","follow":"follow","max-snippet":"max-snippet:-1","max-image-preview":"max-image-preview:large","max-video-preview":"max-video-preview:-1"},"canonical":"https:\/\/www.endoskopie.co.at\/tr\/bize-ulasin\/","og_locale":"tr_TR","og_type":"article","og_title":"Bize Ula\u015f\u0131n - Facharzt f\u00fcr Chirurgie","og_description":"[vc_row][vc_column][vc_empty_space][vc_empty_space height=&#8221;50px&#8221;][\/vc_column][\/vc_row][vc_row][vc_column offset=&#8221;vc_col-lg-4 vc_col-md-6 vc_col-xs-12&#8243;][vc_empty_space height=&#8221;9px&#8221;][vc_column_text]Muayenehanemiz tren istasyonunun kar\u015f\u0131s\u0131ndad\u0131r. Hastalar\u0131m\u0131z i\u00e7in yeralt\u0131 garaj\u0131nda park yerleri vard\u0131r![\/vc_column_text][vc_empty_space][vc_empty_space][vc_empty_space][\/vc_column][vc_column offset=&#8221;vc_col-lg-4 vc_col-md-6 vc_col-xs-12&#8243;][vc_column_text] Pazartesi 08:00 &#8211; 16:00 Sal\u0131 08:00 &#8211; 16:00 \u00e7ar\u015famba 08:00 &#8211; 16:00 Per\u015fembe 08:00 &#8211; 16:00 Cuma 08:00 &#8211; 14:00 Haftasonu [&hellip;]","og_url":"https:\/\/www.endoskopie.co.at\/tr\/bize-ulasin\/","og_site_name":"Facharzt f\u00fcr Chirurgie","article_modified_time":"2022-11-01T15:52:24+00:00","twitter_card":"summary_large_image","twitter_misc":{"Est. reading time":"1 minute"},"schema":{"@context":"https:\/\/schema.org","@graph":[{"@type":"WebPage","@id":"https:\/\/www.endoskopie.co.at\/tr\/bize-ulasin\/","url":"https:\/\/www.endoskopie.co.at\/tr\/bize-ulasin\/","name":"Bize Ula\u015f\u0131n - Facharzt f\u00fcr Chirurgie","isPartOf":{"@id":"https:\/\/www.endoskopie.co.at\/#website"},"datePublished":"2020-03-02T11:03:39+00:00","dateModified":"2022-11-01T15:52:24+00:00","breadcrumb":{"@id":"https:\/\/www.endoskopie.co.at\/tr\/bize-ulasin\/#breadcrumb"},"inLanguage":"tr","potentialAction":[{"@type":"ReadAction","target":["https:\/\/www.endoskopie.co.at\/tr\/bize-ulasin\/"]}]},{"@type":"BreadcrumbList","@id":"https:\/\/www.endoskopie.co.at\/tr\/bize-ulasin\/#breadcrumb","itemListElement":[{"@type":"ListItem","position":1,"name":"Startseite","item":"https:\/\/www.endoskopie.co.at\/tr\/"},{"@type":"ListItem","position":2,"name":"Bize Ula\u015f\u0131n"}]},{"@type":"WebSite","@id":"https:\/\/www.endoskopie.co.at\/#website","url":"https:\/\/www.endoskopie.co.at\/","name":"Facharzt f\u00fcr Chirurgie","description":"Dr. Gottfried Steiner","potentialAction":[{"@type":"SearchAction","target":{"@type":"EntryPoint","urlTemplate":"https:\/\/www.endoskopie.co.at\/?s={search_term_string}"},"query-input":{"@type":"PropertyValueSpecification","valueRequired":true,"valueName":"search_term_string"}}],"inLanguage":"tr"}]}},"_links":{"self":[{"href":"https:\/\/www.endoskopie.co.at\/tr\/wp-json\/wp\/v2\/pages\/9708","targetHints":{"allow":["GET"]}}],"collection":[{"href":"https:\/\/www.endoskopie.co.at\/tr\/wp-json\/wp\/v2\/pages"}],"about":[{"href":"https:\/\/www.endoskopie.co.at\/tr\/wp-json\/wp\/v2\/types\/page"}],"author":[{"embeddable":true,"href":"https:\/\/www.endoskopie.co.at\/tr\/wp-json\/wp\/v2\/users\/3"}],"replies":[{"embeddable":true,"href":"https:\/\/www.endoskopie.co.at\/tr\/wp-json\/wp\/v2\/comments?post=9708"}],"version-history":[{"count":1,"href":"https:\/\/www.endoskopie.co.at\/tr\/wp-json\/wp\/v2\/pages\/9708\/revisions"}],"predecessor-version":[{"id":10572,"href":"https:\/\/www.endoskopie.co.at\/tr\/wp-json\/wp\/v2\/pages\/9708\/revisions\/10572"}],"wp:attachment":[{"href":"https:\/\/www.endoskopie.co.at\/tr\/wp-json\/wp\/v2\/media?parent=9708"}],"curies":[{"name":"wp","href":"https:\/\/api.w.org\/{rel}","templated":true}]}}